{"id":3207,"date":"2024-11-20T19:13:47","date_gmt":"2024-11-21T00:13:47","guid":{"rendered":"https:\/\/englehartanimalhospital.com\/?page_id=3207"},"modified":"2024-11-20T19:13:48","modified_gmt":"2024-11-21T00:13:48","slug":"ressources-veterinaires","status":"publish","type":"page","link":"https:\/\/englehartanimalhospital.com\/fr\/ressources-veterinaires\/","title":{"rendered":"Ressources v\u00e9t\u00e9rinaires"},"content":{"rendered":"\n<div class=\"wp-block-cover alignfull page-header mb-5\" style=\"min-height:200px;aspect-ratio:unset;\"><span aria-hidden=\"true\" class=\"wp-block-cover__background has-primary-background-color has-background-dim-100 has-background-dim\"><\/span><img decoding=\"async\" class=\"wp-block-cover__image-background wp-image-1434\" alt=\"\" src=\"https:\/\/blueskyanimalhospital.com\/wp-content\/uploads\/2022\/02\/colourful-cats-with-masks-covid-protocols.svg\" data-object-fit=\"cover\"\/><div class=\"wp-block-cover__inner-container is-layout-flow wp-block-cover-is-layout-flow\">\n<h1 class=\"wp-block-heading\" id=\"covid-19-updates\">Liens de ressources<\/h1>\n<\/div><\/div>\n\n\n\n<h2 class=\"wp-block-heading has-secondary-color has-text-color\" id=\"updated-practice-procedures\"><mark style=\"background-color:rgba(0, 0, 0, 0)\" class=\"has-inline-color has-secondary-color\">Nos ressources v\u00e9t\u00e9rinaires<\/mark><\/h2>\n\n\n\n<p style=\"font-size:18px\">L\u2019H\u00f4pital pour animaux d\u2019Englehart est conscient de la quantit\u00e9 consid\u00e9rable d\u2019informations disponibles sur Internet. Notre \u00e9quipe a pris le temps d\u2019\u00e9valuer les sites suivants. Nous faisons confiance aux informations fournies par les sites web list\u00e9s pour vous, notre client et membre de notre famille.<\/p>\n\n\n\n<p><strong>Association Am\u00e9ricaine des h\u00f4pitaux pour animaux<\/strong><br><a href=\"http:\/\/www.aaha.org\/\">www.aaha.org<\/a><\/p>\n\n\n\n<p><strong>Association Am\u00e9ricaine des praticiens f\u00e9lins<\/strong><br><a href=\"https:\/\/www.catvets.com\/\">https:\/\/www.catvets.com\/<\/a><\/p>\n\n\n\n<p><strong>Conseil Am\u00e9ricain des praticiens v\u00e9t\u00e9rinaires<\/strong><br><a href=\"http:\/\/www.abvp.com\/\">www.abvp.com<\/a><\/p>\n\n\n\n<p><strong>Coll\u00e8ge Am\u00e9ricain de m\u00e9decine interne v\u00e9t\u00e9rinaire<\/strong><br><a href=\"http:\/\/www.acvim.org\/\">www.acvim.org<\/a><\/p>\n\n\n\n<p><strong>Club canin Am\u00e9ricain<\/strong><br><a href=\"http:\/\/www.akc.org\/\">www.akc.org<\/a><\/p>\n\n\n\n<p><strong>Association v\u00e9t\u00e9rinaire Am\u00e9ricaine<\/strong><br><a href=\"http:\/\/www.avma.org\/\">www.avma.org<\/a><\/p>\n\n\n\n<p><strong>Association des coll\u00e8ges Am\u00e9ricains de m\u00e9decine v\u00e9t\u00e9rinaire<\/strong><br><a href=\"http:\/\/www.aavmc.org\/\">www.aavmc.org<\/a><\/p>\n\n\n\n<p><strong>ASPCA \u2013 Contr\u00f4le des poisons pour animaux<\/strong><br><a href=\"https:\/\/www.aspca.org\/pet-care\/animal-poison-control\">https:\/\/www.aspca.org\/pet-care\/animal-poison-control<\/a><\/p>\n\n\n\n<p><strong>Informations sur l\u2019agilit\u00e9<\/strong><br><a href=\"http:\/\/www.cleanrun.com\/\">www.cleanrun.com<\/a><\/p>\n\n\n\n<p><strong>Agence Canadienne d\u2019Inspection des aliments<\/strong><br><a href=\"https:\/\/inspection.canada.ca\/eng\/1297964599443\/1297965645317\">https:\/\/inspection.canada.ca\/eng\/1297964599443\/1297965645317<\/a><\/p>\n\n\n\n<p><strong>Centre pour la m\u00e9decine v\u00e9t\u00e9rinaire \u2013 Administration des aliments et m\u00e9dicaments des \u00c9tats-Unis<\/strong><br><a href=\"http:\/\/www.fda.gov\/AboutFDA\">www.fda.gov\/AboutFDA<\/a><\/p>\n\n\n\n<p><strong>Fondation Farley<\/strong><br><a href=\"https:\/\/www.farleyfoundation.org\/\">https:\/\/www.farleyfoundation.org\/<\/a><\/p>\n\n\n\n<p><strong>Soins internationaux pour chats<\/strong><br><a href=\"https:\/\/icatcare.org\/\">https:\/\/icatcare.org\/<\/a><\/p>\n\n\n\n<p><strong>Identification et surveillance des tiques<\/strong><br><a href=\"https:\/\/www.etick.ca\/\">https:\/\/www.etick.ca\/<\/a><\/p>\n\n\n\n<p><strong>Association des techniciens en sant\u00e9 animale de l\u2019Ontario<\/strong><br><a href=\"https:\/\/www.oavt.org\/\">https:\/\/www.oavt.org<\/a><\/p>\n\n\n\n<p><strong>Association v\u00e9t\u00e9rinaire m\u00e9dicale de l\u2019Ontario<\/strong><br><a href=\"https:\/\/www.ovma.org\/\">https:\/\/www.ovma.org<\/a><\/p>\n\n\n\n<p class=\"mb-8\"><strong>Partenaires v\u00e9t\u00e9rinaires &#8211; VIN<\/strong><br><a href=\"https:\/\/veterinarypartner.vin.com\/\">https:\/\/veterinarypartner.vin.com\/<\/a><\/p>\n","protected":false},"excerpt":{"rendered":"<p>Nos ressources v\u00e9t\u00e9rinaires L\u2019H\u00f4pital pour animaux d\u2019Englehart est conscient de la quantit\u00e9 consid\u00e9rable d\u2019informations disponibles sur Internet. Notre \u00e9quipe a pris le temps d\u2019\u00e9valuer les sites suivants. Nous faisons confiance aux informations fournies par les sites web list\u00e9s pour vous, notre client et membre de notre famille. Association Am\u00e9ricaine des h\u00f4pitaux pour animauxwww.aaha.org Association Am\u00e9ricaine [&hellip;]<\/p>\n","protected":false},"author":3,"featured_media":0,"parent":0,"menu_order":0,"comment_status":"closed","ping_status":"closed","template":"","meta":{"_acf_changed":false,"inline_featured_image":false,"footnotes":""},"class_list":["post-3207","page","type-page","status-publish","hentry"],"acf":[],"yoast_head":"<!-- This site is optimized with the Yoast SEO plugin v27.3 - https:\/\/yoast.com\/product\/yoast-seo-wordpress\/ -->\n<title>Ressources v\u00e9t\u00e9rinaires - Englehart Animal Hospital | Englehart, ON<\/title>\n<meta name=\"robots\" content=\"index, follow, max-snippet:-1, max-image-preview:large, max-video-preview:-1\" \/>\n<link rel=\"canonical\" href=\"https:\/\/englehartanimalhospital.com\/fr\/ressources-veterinaires\/\" \/>\n<meta property=\"og:locale\" content=\"fr_FR\" \/>\n<meta property=\"og:type\" content=\"article\" \/>\n<meta property=\"og:title\" content=\"Ressources v\u00e9t\u00e9rinaires - Englehart Animal Hospital | Englehart, ON\" \/>\n<meta property=\"og:description\" content=\"Nos ressources v\u00e9t\u00e9rinaires L\u2019H\u00f4pital pour animaux d\u2019Englehart est conscient de la quantit\u00e9 consid\u00e9rable d\u2019informations disponibles sur Internet. Notre \u00e9quipe a pris le temps d\u2019\u00e9valuer les sites suivants. Nous faisons confiance aux informations fournies par les sites web list\u00e9s pour vous, notre client et membre de notre famille. Association Am\u00e9ricaine des h\u00f4pitaux pour animauxwww.aaha.org Association Am\u00e9ricaine [&hellip;]\" \/>\n<meta property=\"og:url\" content=\"https:\/\/englehartanimalhospital.com\/fr\/ressources-veterinaires\/\" \/>\n<meta property=\"og:site_name\" content=\"Englehart Animal Hospital | Englehart, ON\" \/>\n<meta property=\"article:modified_time\" content=\"2024-11-21T00:13:48+00:00\" \/>\n<meta property=\"og:image\" content=\"https:\/\/blueskyanimalhospital.com\/wp-content\/uploads\/2022\/02\/colourful-cats-with-masks-covid-protocols.svg\" \/>\n<meta name=\"twitter:card\" content=\"summary_large_image\" \/>\n<meta name=\"twitter:label1\" content=\"Dur\u00e9e de lecture estim\u00e9e\" \/>\n\t<meta name=\"twitter:data1\" content=\"1 minute\" \/>\n<script type=\"application\/ld+json\" class=\"yoast-schema-graph\">{\"@context\":\"https:\\\/\\\/schema.org\",\"@graph\":[{\"@type\":\"WebPage\",\"@id\":\"https:\\\/\\\/englehartanimalhospital.com\\\/fr\\\/ressources-veterinaires\\\/\",\"url\":\"https:\\\/\\\/englehartanimalhospital.com\\\/fr\\\/ressources-veterinaires\\\/\",\"name\":\"Ressources v\u00e9t\u00e9rinaires - Englehart Animal Hospital | Englehart, ON\",\"isPartOf\":{\"@id\":\"https:\\\/\\\/englehartanimalhospital.com\\\/fr\\\/#website\"},\"primaryImageOfPage\":{\"@id\":\"https:\\\/\\\/englehartanimalhospital.com\\\/fr\\\/ressources-veterinaires\\\/#primaryimage\"},\"image\":{\"@id\":\"https:\\\/\\\/englehartanimalhospital.com\\\/fr\\\/ressources-veterinaires\\\/#primaryimage\"},\"thumbnailUrl\":\"https:\\\/\\\/blueskyanimalhospital.com\\\/wp-content\\\/uploads\\\/2022\\\/02\\\/colourful-cats-with-masks-covid-protocols.svg\",\"datePublished\":\"2024-11-21T00:13:47+00:00\",\"dateModified\":\"2024-11-21T00:13:48+00:00\",\"breadcrumb\":{\"@id\":\"https:\\\/\\\/englehartanimalhospital.com\\\/fr\\\/ressources-veterinaires\\\/#breadcrumb\"},\"inLanguage\":\"fr-FR\",\"potentialAction\":[{\"@type\":\"ReadAction\",\"target\":[\"https:\\\/\\\/englehartanimalhospital.com\\\/fr\\\/ressources-veterinaires\\\/\"]}]},{\"@type\":\"ImageObject\",\"inLanguage\":\"fr-FR\",\"@id\":\"https:\\\/\\\/englehartanimalhospital.com\\\/fr\\\/ressources-veterinaires\\\/#primaryimage\",\"url\":\"https:\\\/\\\/blueskyanimalhospital.com\\\/wp-content\\\/uploads\\\/2022\\\/02\\\/colourful-cats-with-masks-covid-protocols.svg\",\"contentUrl\":\"https:\\\/\\\/blueskyanimalhospital.com\\\/wp-content\\\/uploads\\\/2022\\\/02\\\/colourful-cats-with-masks-covid-protocols.svg\"},{\"@type\":\"BreadcrumbList\",\"@id\":\"https:\\\/\\\/englehartanimalhospital.com\\\/fr\\\/ressources-veterinaires\\\/#breadcrumb\",\"itemListElement\":[{\"@type\":\"ListItem\",\"position\":1,\"name\":\"Home\",\"item\":\"https:\\\/\\\/englehartanimalhospital.com\\\/fr\\\/\"},{\"@type\":\"ListItem\",\"position\":2,\"name\":\"Ressources v\u00e9t\u00e9rinaires\"}]},{\"@type\":\"WebSite\",\"@id\":\"https:\\\/\\\/englehartanimalhospital.com\\\/fr\\\/#website\",\"url\":\"https:\\\/\\\/englehartanimalhospital.com\\\/fr\\\/\",\"name\":\"Englehart Animal Hospital | Englehart, ON\",\"description\":\"Where your pets are our priority\",\"publisher\":{\"@id\":\"https:\\\/\\\/englehartanimalhospital.com\\\/fr\\\/#organization\"},\"potentialAction\":[{\"@type\":\"SearchAction\",\"target\":{\"@type\":\"EntryPoint\",\"urlTemplate\":\"https:\\\/\\\/englehartanimalhospital.com\\\/fr\\\/?s={search_term_string}\"},\"query-input\":{\"@type\":\"PropertyValueSpecification\",\"valueRequired\":true,\"valueName\":\"search_term_string\"}}],\"inLanguage\":\"fr-FR\"},{\"@type\":\"Organization\",\"@id\":\"https:\\\/\\\/englehartanimalhospital.com\\\/fr\\\/#organization\",\"name\":\"Englehart Animal Hospital | Englehart, ON\",\"url\":\"https:\\\/\\\/englehartanimalhospital.com\\\/fr\\\/\",\"logo\":{\"@type\":\"ImageObject\",\"inLanguage\":\"fr-FR\",\"@id\":\"https:\\\/\\\/englehartanimalhospital.com\\\/fr\\\/#\\\/schema\\\/logo\\\/image\\\/\",\"url\":\"https:\\\/\\\/englehartanimalhospital.com\\\/wp-content\\\/uploads\\\/2025\\\/04\\\/cropped-17a5718b-1833-420a-9952-e2d4cf537813.png\",\"contentUrl\":\"https:\\\/\\\/englehartanimalhospital.com\\\/wp-content\\\/uploads\\\/2025\\\/04\\\/cropped-17a5718b-1833-420a-9952-e2d4cf537813.png\",\"width\":2250,\"height\":2250,\"caption\":\"Englehart Animal Hospital | Englehart, ON\"},\"image\":{\"@id\":\"https:\\\/\\\/englehartanimalhospital.com\\\/fr\\\/#\\\/schema\\\/logo\\\/image\\\/\"}}]}<\/script>\n<!-- \/ Yoast SEO plugin. -->","yoast_head_json":{"title":"Ressources v\u00e9t\u00e9rinaires - Englehart Animal Hospital | Englehart, ON","robots":{"index":"index","follow":"follow","max-snippet":"max-snippet:-1","max-image-preview":"max-image-preview:large","max-video-preview":"max-video-preview:-1"},"canonical":"https:\/\/englehartanimalhospital.com\/fr\/ressources-veterinaires\/","og_locale":"fr_FR","og_type":"article","og_title":"Ressources v\u00e9t\u00e9rinaires - Englehart Animal Hospital | Englehart, ON","og_description":"Nos ressources v\u00e9t\u00e9rinaires L\u2019H\u00f4pital pour animaux d\u2019Englehart est conscient de la quantit\u00e9 consid\u00e9rable d\u2019informations disponibles sur Internet. Notre \u00e9quipe a pris le temps d\u2019\u00e9valuer les sites suivants. Nous faisons confiance aux informations fournies par les sites web list\u00e9s pour vous, notre client et membre de notre famille. Association Am\u00e9ricaine des h\u00f4pitaux pour animauxwww.aaha.org Association Am\u00e9ricaine [&hellip;]","og_url":"https:\/\/englehartanimalhospital.com\/fr\/ressources-veterinaires\/","og_site_name":"Englehart Animal Hospital | Englehart, ON","article_modified_time":"2024-11-21T00:13:48+00:00","og_image":[{"url":"https:\/\/blueskyanimalhospital.com\/wp-content\/uploads\/2022\/02\/colourful-cats-with-masks-covid-protocols.svg","type":"","width":"","height":""}],"twitter_card":"summary_large_image","twitter_misc":{"Dur\u00e9e de lecture estim\u00e9e":"1 minute"},"schema":{"@context":"https:\/\/schema.org","@graph":[{"@type":"WebPage","@id":"https:\/\/englehartanimalhospital.com\/fr\/ressources-veterinaires\/","url":"https:\/\/englehartanimalhospital.com\/fr\/ressources-veterinaires\/","name":"Ressources v\u00e9t\u00e9rinaires - Englehart Animal Hospital | Englehart, ON","isPartOf":{"@id":"https:\/\/englehartanimalhospital.com\/fr\/#website"},"primaryImageOfPage":{"@id":"https:\/\/englehartanimalhospital.com\/fr\/ressources-veterinaires\/#primaryimage"},"image":{"@id":"https:\/\/englehartanimalhospital.com\/fr\/ressources-veterinaires\/#primaryimage"},"thumbnailUrl":"https:\/\/blueskyanimalhospital.com\/wp-content\/uploads\/2022\/02\/colourful-cats-with-masks-covid-protocols.svg","datePublished":"2024-11-21T00:13:47+00:00","dateModified":"2024-11-21T00:13:48+00:00","breadcrumb":{"@id":"https:\/\/englehartanimalhospital.com\/fr\/ressources-veterinaires\/#breadcrumb"},"inLanguage":"fr-FR","potentialAction":[{"@type":"ReadAction","target":["https:\/\/englehartanimalhospital.com\/fr\/ressources-veterinaires\/"]}]},{"@type":"ImageObject","inLanguage":"fr-FR","@id":"https:\/\/englehartanimalhospital.com\/fr\/ressources-veterinaires\/#primaryimage","url":"https:\/\/blueskyanimalhospital.com\/wp-content\/uploads\/2022\/02\/colourful-cats-with-masks-covid-protocols.svg","contentUrl":"https:\/\/blueskyanimalhospital.com\/wp-content\/uploads\/2022\/02\/colourful-cats-with-masks-covid-protocols.svg"},{"@type":"BreadcrumbList","@id":"https:\/\/englehartanimalhospital.com\/fr\/ressources-veterinaires\/#breadcrumb","itemListElement":[{"@type":"ListItem","position":1,"name":"Home","item":"https:\/\/englehartanimalhospital.com\/fr\/"},{"@type":"ListItem","position":2,"name":"Ressources v\u00e9t\u00e9rinaires"}]},{"@type":"WebSite","@id":"https:\/\/englehartanimalhospital.com\/fr\/#website","url":"https:\/\/englehartanimalhospital.com\/fr\/","name":"Englehart Animal Hospital | Englehart, ON","description":"Where your pets are our priority","publisher":{"@id":"https:\/\/englehartanimalhospital.com\/fr\/#organization"},"potentialAction":[{"@type":"SearchAction","target":{"@type":"EntryPoint","urlTemplate":"https:\/\/englehartanimalhospital.com\/fr\/?s={search_term_string}"},"query-input":{"@type":"PropertyValueSpecification","valueRequired":true,"valueName":"search_term_string"}}],"inLanguage":"fr-FR"},{"@type":"Organization","@id":"https:\/\/englehartanimalhospital.com\/fr\/#organization","name":"Englehart Animal Hospital | Englehart, ON","url":"https:\/\/englehartanimalhospital.com\/fr\/","logo":{"@type":"ImageObject","inLanguage":"fr-FR","@id":"https:\/\/englehartanimalhospital.com\/fr\/#\/schema\/logo\/image\/","url":"https:\/\/englehartanimalhospital.com\/wp-content\/uploads\/2025\/04\/cropped-17a5718b-1833-420a-9952-e2d4cf537813.png","contentUrl":"https:\/\/englehartanimalhospital.com\/wp-content\/uploads\/2025\/04\/cropped-17a5718b-1833-420a-9952-e2d4cf537813.png","width":2250,"height":2250,"caption":"Englehart Animal Hospital | Englehart, ON"},"image":{"@id":"https:\/\/englehartanimalhospital.com\/fr\/#\/schema\/logo\/image\/"}}]}},"_links":{"self":[{"href":"https:\/\/englehartanimalhospital.com\/fr\/wp-json\/wp\/v2\/pages\/3207","targetHints":{"allow":["GET"]}}],"collection":[{"href":"https:\/\/englehartanimalhospital.com\/fr\/wp-json\/wp\/v2\/pages"}],"about":[{"href":"https:\/\/englehartanimalhospital.com\/fr\/wp-json\/wp\/v2\/types\/page"}],"author":[{"embeddable":true,"href":"https:\/\/englehartanimalhospital.com\/fr\/wp-json\/wp\/v2\/users\/3"}],"replies":[{"embeddable":true,"href":"https:\/\/englehartanimalhospital.com\/fr\/wp-json\/wp\/v2\/comments?post=3207"}],"version-history":[{"count":1,"href":"https:\/\/englehartanimalhospital.com\/fr\/wp-json\/wp\/v2\/pages\/3207\/revisions"}],"predecessor-version":[{"id":3208,"href":"https:\/\/englehartanimalhospital.com\/fr\/wp-json\/wp\/v2\/pages\/3207\/revisions\/3208"}],"wp:attachment":[{"href":"https:\/\/englehartanimalhospital.com\/fr\/wp-json\/wp\/v2\/media?parent=3207"}],"curies":[{"name":"wp","href":"https:\/\/api.w.org\/{rel}","templated":true}]}}