{"id":2892,"date":"2021-11-25T22:19:15","date_gmt":"2021-11-26T03:19:15","guid":{"rendered":"https:\/\/englehartanimalhospital.com\/a-quoi-sattendre\/"},"modified":"2026-01-08T14:43:59","modified_gmt":"2026-01-08T19:43:59","slug":"a-quoi-sattendre","status":"publish","type":"page","link":"https:\/\/englehartanimalhospital.com\/fr\/a-quoi-sattendre\/","title":{"rendered":"\u00c0 quoi s&rsquo;attendre"},"content":{"rendered":"\n<div class=\"wp-block-cover alignfull page-header mb-7 inner-page-header\" style=\"min-height:150px;aspect-ratio:unset;\"><img decoding=\"async\" class=\"wp-block-cover__image-background wp-image-2575\" alt=\"paw and hearts graphic banner\" src=\"https:\/\/englehartanimalhospital.com\/wp-content\/uploads\/\/paw-heart-banner.svg\" data-object-fit=\"cover\"\/><span aria-hidden=\"true\" class=\"wp-block-cover__background has-primary-background-color has-background-dim-90 has-background-dim\"><\/span><div class=\"wp-block-cover__inner-container is-layout-flow wp-block-cover-is-layout-flow\">\n<h1 class=\"wp-block-heading\" id=\"what-to-expect\">\u00c0 quoi s&rsquo;attendre<\/h1>\n<\/div><\/div>\n\n\n\n<div class=\"wp-block-group\"><div class=\"wp-block-group__inner-container is-layout-flow wp-block-group-is-layout-flow\">\n<div class=\"wp-block-columns is-layout-flex wp-container-core-columns-is-layout-9d6595d7 wp-block-columns-is-layout-flex\">\n<div class=\"wp-block-column is-layout-flow wp-block-column-is-layout-flow\" style=\"flex-basis:66.66%\">\n<h2 class=\"wp-block-heading has-primary-color has-text-color\">\u00c0 quoi s&rsquo;attendre<\/h2>\n\n\n\n<p>Comme les animaux de compagnie ne peuvent pas s&rsquo;exprimer, une maladie peut \u00eatre pr\u00e9sente avant que vous remarquiez les sympt\u00f4mes. La d\u00e9tection pr\u00e9coce permet de prendre des mesures pour g\u00e9rer ou corriger un probl\u00e8me avant que des dommages irr\u00e9versibles se produisent. Nous recommandons des v\u00e9rifications annuels pour la sant\u00e9 et le bien-\u00eatre de votre animal.<\/p>\n\n\n\n<p class=\"has-primary-color has-text-color has-medium-font-size\"><strong>Examen v\u00e9t\u00e9rinaire annuel<\/strong><\/p>\n\n\n\n<p>Cela comprend un examen physique complet au cours duquel notre \u00e9quipe m\u00e9dicale \u00e9valuera votre animal de la t\u00eate \u00e0 la queue. Les dents et les gencives seront \u00e9galement \u00e9valu\u00e9es pour le nettoyage et la sant\u00e9 bucco-dentaire. Dans votre recherche d&rsquo;un \u00e9tablissement v\u00e9t\u00e9rinaire, nous pensons que vous devez vous attendre \u00e0 des soins de haute qualit\u00e9 et \u00e0 un excellent service. <\/p>\n\n\n\n<p>Notre objectif est de constituer une \u00e9quipe de soins v\u00e9t\u00e9rinaires qui s&rsquo;engage \u00e0 fournir un service \u00e0 la client\u00e8le et des soins v\u00e9t\u00e9rinaires exceptionnels. <\/p>\n\n\n\n<p class=\"has-primary-color has-text-color has-medium-font-size\"><strong>Si vous \u00eates un nouveau client<\/strong><\/p>\n\n\n\n<p>Veuillez indiquer les ant\u00e9c\u00e9dents m\u00e9dicaux de votre animal, ainsi que tout changement de comportement r\u00e9cent ou tout autre d\u00e9tail que vous jugez important. <\/p>\n\n\n\n<p class=\"has-primary-color has-text-color has-medium-font-size\"><strong>Urgences et soins urgents<\/strong><\/p>\n\n\n\n<p class=\"has-text-align-left\">Nous offrons des services v\u00e9t\u00e9rinaires d&rsquo;urgence pour les chats et les chiens qui ont d\u00e9sesp\u00e9r\u00e9ment besoin de soins m\u00e9dicaux vitaux. Notre clinique dispose g\u00e9n\u00e9ralement d&rsquo;un personnel v\u00e9t\u00e9rinaire d&rsquo;urgence en cas de situation critique.<\/p>\n\n\n\n<p class=\"has-text-align-left\">Les soins urgents et les autres proc\u00e9dures qui ne mettent pas la vie en danger peuvent \u00eatre pris en charge malgr\u00e9 un court pr\u00e9avis.<\/p>\n<\/div>\n\n\n\n<div class=\"wp-block-column is-layout-flow wp-block-column-is-layout-flow\" style=\"flex-basis:66%\">\n<figure class=\"wp-block-image size-full is-style-rounded\"><img loading=\"lazy\" decoding=\"async\" width=\"600\" height=\"337\" src=\"https:\/\/englehartanimalhospital.com\/wp-content\/uploads\/2022\/06\/welcome-to-englehart-1.jpg\" alt=\"\" class=\"wp-image-2107\" srcset=\"https:\/\/englehartanimalhospital.com\/wp-content\/uploads\/2022\/06\/welcome-to-englehart-1.jpg 600w, https:\/\/englehartanimalhospital.com\/wp-content\/uploads\/2022\/06\/welcome-to-englehart-1-300x169.jpg 300w\" sizes=\"auto, (max-width: 600px) 100vw, 600px\" \/><\/figure>\n<\/div>\n<\/div>\n<\/div><\/div>\n\n\n\n<div class=\"wp-block-buttons mb-8 is-layout-flex wp-block-buttons-is-layout-flex\">\n<div class=\"wp-block-button\"><a class=\"wp-block-button__link has-white-color has-primary-background-color has-text-color has-background wp-element-button\" href=\"tel:(705) 544-7387\">Appelez-nous<\/a><\/div>\n<\/div>\n\n\n\n<div class=\"wp-block-cover alignfull is-light\" style=\"min-height:400px;aspect-ratio:unset;\"><span aria-hidden=\"true\" class=\"wp-block-cover__background has-secondary-background-color has-background-dim-10 has-background-dim\"><\/span><div class=\"wp-block-cover__inner-container is-layout-flow wp-block-cover-is-layout-flow\">\n<div class=\"wp-block-columns is-layout-flex wp-container-core-columns-is-layout-9d6595d7 wp-block-columns-is-layout-flex\">\n<div class=\"wp-block-column is-layout-flow wp-block-column-is-layout-flow\"><div class=\"wp-block-image is-style-default\">\n<figure class=\"aligncenter size-thumbnail\"><a href=\"https:\/\/www.myvetstore.ca\/englehartanimalhospital\" target=\"_blank\" rel=\"noreferrer noopener\"><img loading=\"lazy\" decoding=\"async\" width=\"150\" height=\"150\" src=\"https:\/\/englehartanimalhospital.com\/wp-content\/uploads\/2022\/06\/order-online-150x150.png\" alt=\"\" class=\"wp-image-2084\" srcset=\"https:\/\/englehartanimalhospital.com\/wp-content\/uploads\/2022\/06\/order-online-150x150.png 150w, https:\/\/englehartanimalhospital.com\/wp-content\/uploads\/2022\/06\/order-online.png 200w\" sizes=\"auto, (max-width: 150px) 100vw, 150px\" \/><\/a><\/figure>\n<\/div>\n\n\n<p class=\"has-text-align-center has-primary-color has-text-color has-medium-font-size\"><strong>Boutique en ligne<\/strong><\/p>\n\n\n\n<p class=\"has-text-align-center has-dark-color has-text-color\">Utilisez notre <a href=\"https:\/\/www.myvetstore.ca\/englehartanimalhospital\" target=\"_blank\" rel=\"noreferrer noopener\">boutique en ligne<\/a> pour commander de la nourriture et des m\u00e9dicaments pour votre animal. Livraison \u00e0 domicile ou ramasser \u00e0 notre clinique.<br><br><br><\/p>\n<\/div>\n\n\n\n<div class=\"wp-block-column is-layout-flow wp-block-column-is-layout-flow\"><div class=\"wp-block-image\">\n<figure class=\"aligncenter size-full is-resized\"><a href=\"https:\/\/englehartanimalhospital.com\/fr\/?page_id=2883\"><img loading=\"lazy\" decoding=\"async\" width=\"834\" height=\"835\" src=\"https:\/\/englehartanimalhospital.com\/wp-content\/uploads\/2022\/06\/Englehart-Icons-05.png\" alt=\"\" class=\"wp-image-1998\" style=\"width:150px;height:150px\" srcset=\"https:\/\/englehartanimalhospital.com\/wp-content\/uploads\/2022\/06\/Englehart-Icons-05.png 834w, https:\/\/englehartanimalhospital.com\/wp-content\/uploads\/2022\/06\/Englehart-Icons-05-300x300.png 300w, https:\/\/englehartanimalhospital.com\/wp-content\/uploads\/2022\/06\/Englehart-Icons-05-150x150.png 150w, https:\/\/englehartanimalhospital.com\/wp-content\/uploads\/2022\/06\/Englehart-Icons-05-768x769.png 768w\" sizes=\"auto, (max-width: 834px) 100vw, 834px\" \/><\/a><\/figure>\n<\/div>\n\n\n<p class=\"has-text-align-center has-primary-color has-text-color has-medium-font-size\"><strong>Rencontrez notre \u00e9quipe<\/strong><\/p>\n\n\n\n<p class=\"has-text-align-center has-dark-color has-text-color\">Voir notre<a href=\"https:\/\/englehartanimalhospital.com\/fr\/?page_id=2883\"><mark style=\"background-color:rgba(0, 0, 0, 0)\" class=\"has-inline-color has-primary-color\">page d&rsquo;\u00e9quipe<\/mark><\/a>pour en savoir plus sur notre personnel attentionn\u00e9<\/p>\n<\/div>\n\n\n\n<div class=\"wp-block-column is-layout-flow wp-block-column-is-layout-flow\"><div class=\"wp-block-image\">\n<figure class=\"aligncenter size-full is-resized\"><a href=\"https:\/\/englehartanimalhospital.com\/services\/\"><img loading=\"lazy\" decoding=\"async\" width=\"200\" height=\"200\" src=\"https:\/\/englehartanimalhospital.com\/wp-content\/uploads\/2022\/06\/outstanding-petcare.png\" alt=\"ic\u00f4ne d'un st\u00e9thoscope et d'une empreinte de patte\" class=\"wp-image-2091\" style=\"width:150px;height:150px\" srcset=\"https:\/\/englehartanimalhospital.com\/wp-content\/uploads\/2022\/06\/outstanding-petcare.png 200w, https:\/\/englehartanimalhospital.com\/wp-content\/uploads\/2022\/06\/outstanding-petcare-150x150.png 150w\" sizes=\"auto, (max-width: 200px) 100vw, 200px\" \/><\/a><\/figure>\n<\/div>\n\n\n<p class=\"has-text-align-center has-primary-color has-text-color has-medium-font-size\"><strong>Services<\/strong><\/p>\n\n\n\n<p class=\"has-text-align-center has-dark-color has-text-color\">En savoir plus sur la gamme de <a href=\"https:\/\/englehartanimalhospital.com\/fr\/?page_id=2919\">services <\/a>offerts <br>dans notre clinique<\/p>\n<\/div>\n<\/div>\n<\/div><\/div>\n\n\n\n<div class=\"alignfull cta has-primary-background-color has-white-color\"><div class=\"container\"><div class=\"cta__content\"><h2 class=\"has-white-color\"><meta charset=\"utf-8\">We look forward to seeing you!<\/h2>\n<div class=\"wp-block-button is-style-outline is-style-outline--1\"><a class=\"wp-block-button__link has-white-color has-text-color wp-element-button\" href=\"https:\/\/englehartanimalhospital.com\/fr\/?page_id=2860\">Voir les heures d&rsquo;ouverture et l&#8217;emplacement<\/a><\/div>\n<\/div><\/div><\/div>\n","protected":false},"excerpt":{"rendered":"<p>\u00c0 quoi s&rsquo;attendre Comme les animaux de compagnie ne peuvent pas s&rsquo;exprimer, une maladie peut \u00eatre pr\u00e9sente avant que vous remarquiez les sympt\u00f4mes. La d\u00e9tection pr\u00e9coce permet de prendre des mesures pour g\u00e9rer ou corriger un probl\u00e8me avant que des dommages irr\u00e9versibles se produisent. Nous recommandons des v\u00e9rifications annuels pour la sant\u00e9 et le bien-\u00eatre [&hellip;]<\/p>\n","protected":false},"author":3,"featured_media":0,"parent":0,"menu_order":0,"comment_status":"closed","ping_status":"closed","template":"","meta":{"_acf_changed":false,"inline_featured_image":false,"footnotes":""},"class_list":["post-2892","page","type-page","status-publish","hentry"],"acf":[],"yoast_head":"<!-- This site is optimized with the Yoast SEO plugin v27.3 - https:\/\/yoast.com\/product\/yoast-seo-wordpress\/ -->\n<title>\u00c0 quoi s&#039;attendre - Englehart Animal Hospital | Englehart, ON<\/title>\n<meta name=\"robots\" content=\"index, follow, max-snippet:-1, max-image-preview:large, max-video-preview:-1\" \/>\n<link rel=\"canonical\" href=\"https:\/\/englehartanimalhospital.com\/fr\/a-quoi-sattendre\/\" \/>\n<meta property=\"og:locale\" content=\"fr_FR\" \/>\n<meta property=\"og:type\" content=\"article\" \/>\n<meta property=\"og:title\" content=\"\u00c0 quoi s&#039;attendre - Englehart Animal Hospital | Englehart, ON\" \/>\n<meta property=\"og:description\" content=\"\u00c0 quoi s&rsquo;attendre Comme les animaux de compagnie ne peuvent pas s&rsquo;exprimer, une maladie peut \u00eatre pr\u00e9sente avant que vous remarquiez les sympt\u00f4mes. La d\u00e9tection pr\u00e9coce permet de prendre des mesures pour g\u00e9rer ou corriger un probl\u00e8me avant que des dommages irr\u00e9versibles se produisent. Nous recommandons des v\u00e9rifications annuels pour la sant\u00e9 et le bien-\u00eatre [&hellip;]\" \/>\n<meta property=\"og:url\" content=\"https:\/\/englehartanimalhospital.com\/fr\/a-quoi-sattendre\/\" \/>\n<meta property=\"og:site_name\" content=\"Englehart Animal Hospital | Englehart, ON\" \/>\n<meta property=\"article:modified_time\" content=\"2026-01-08T19:43:59+00:00\" \/>\n<meta name=\"twitter:card\" content=\"summary_large_image\" \/>\n<meta name=\"twitter:label1\" content=\"Dur\u00e9e de lecture estim\u00e9e\" \/>\n\t<meta name=\"twitter:data1\" content=\"3 minutes\" \/>\n<script type=\"application\/ld+json\" class=\"yoast-schema-graph\">{\"@context\":\"https:\\\/\\\/schema.org\",\"@graph\":[{\"@type\":\"WebPage\",\"@id\":\"https:\\\/\\\/englehartanimalhospital.com\\\/fr\\\/a-quoi-sattendre\\\/\",\"url\":\"https:\\\/\\\/englehartanimalhospital.com\\\/fr\\\/a-quoi-sattendre\\\/\",\"name\":\"\u00c0 quoi s'attendre - Englehart Animal Hospital | Englehart, ON\",\"isPartOf\":{\"@id\":\"https:\\\/\\\/englehartanimalhospital.com\\\/fr\\\/#website\"},\"primaryImageOfPage\":{\"@id\":\"https:\\\/\\\/englehartanimalhospital.com\\\/fr\\\/a-quoi-sattendre\\\/#primaryimage\"},\"image\":{\"@id\":\"https:\\\/\\\/englehartanimalhospital.com\\\/fr\\\/a-quoi-sattendre\\\/#primaryimage\"},\"thumbnailUrl\":\"https:\\\/\\\/englehartanimalhospital.com\\\/wp-content\\\/uploads\\\/\\\/paw-heart-banner.svg\",\"datePublished\":\"2021-11-26T03:19:15+00:00\",\"dateModified\":\"2026-01-08T19:43:59+00:00\",\"breadcrumb\":{\"@id\":\"https:\\\/\\\/englehartanimalhospital.com\\\/fr\\\/a-quoi-sattendre\\\/#breadcrumb\"},\"inLanguage\":\"fr-FR\",\"potentialAction\":[{\"@type\":\"ReadAction\",\"target\":[\"https:\\\/\\\/englehartanimalhospital.com\\\/fr\\\/a-quoi-sattendre\\\/\"]}]},{\"@type\":\"ImageObject\",\"inLanguage\":\"fr-FR\",\"@id\":\"https:\\\/\\\/englehartanimalhospital.com\\\/fr\\\/a-quoi-sattendre\\\/#primaryimage\",\"url\":\"https:\\\/\\\/englehartanimalhospital.com\\\/wp-content\\\/uploads\\\/\\\/paw-heart-banner.svg\",\"contentUrl\":\"https:\\\/\\\/englehartanimalhospital.com\\\/wp-content\\\/uploads\\\/\\\/paw-heart-banner.svg\"},{\"@type\":\"BreadcrumbList\",\"@id\":\"https:\\\/\\\/englehartanimalhospital.com\\\/fr\\\/a-quoi-sattendre\\\/#breadcrumb\",\"itemListElement\":[{\"@type\":\"ListItem\",\"position\":1,\"name\":\"Home\",\"item\":\"https:\\\/\\\/englehartanimalhospital.com\\\/fr\\\/\"},{\"@type\":\"ListItem\",\"position\":2,\"name\":\"\u00c0 quoi s&#8217;attendre\"}]},{\"@type\":\"WebSite\",\"@id\":\"https:\\\/\\\/englehartanimalhospital.com\\\/fr\\\/#website\",\"url\":\"https:\\\/\\\/englehartanimalhospital.com\\\/fr\\\/\",\"name\":\"Englehart Animal Hospital | Englehart, ON\",\"description\":\"Where your pets are our priority\",\"publisher\":{\"@id\":\"https:\\\/\\\/englehartanimalhospital.com\\\/fr\\\/#organization\"},\"potentialAction\":[{\"@type\":\"SearchAction\",\"target\":{\"@type\":\"EntryPoint\",\"urlTemplate\":\"https:\\\/\\\/englehartanimalhospital.com\\\/fr\\\/?s={search_term_string}\"},\"query-input\":{\"@type\":\"PropertyValueSpecification\",\"valueRequired\":true,\"valueName\":\"search_term_string\"}}],\"inLanguage\":\"fr-FR\"},{\"@type\":\"Organization\",\"@id\":\"https:\\\/\\\/englehartanimalhospital.com\\\/fr\\\/#organization\",\"name\":\"Englehart Animal Hospital | Englehart, ON\",\"url\":\"https:\\\/\\\/englehartanimalhospital.com\\\/fr\\\/\",\"logo\":{\"@type\":\"ImageObject\",\"inLanguage\":\"fr-FR\",\"@id\":\"https:\\\/\\\/englehartanimalhospital.com\\\/fr\\\/#\\\/schema\\\/logo\\\/image\\\/\",\"url\":\"https:\\\/\\\/englehartanimalhospital.com\\\/wp-content\\\/uploads\\\/2025\\\/04\\\/cropped-17a5718b-1833-420a-9952-e2d4cf537813.png\",\"contentUrl\":\"https:\\\/\\\/englehartanimalhospital.com\\\/wp-content\\\/uploads\\\/2025\\\/04\\\/cropped-17a5718b-1833-420a-9952-e2d4cf537813.png\",\"width\":2250,\"height\":2250,\"caption\":\"Englehart Animal Hospital | Englehart, ON\"},\"image\":{\"@id\":\"https:\\\/\\\/englehartanimalhospital.com\\\/fr\\\/#\\\/schema\\\/logo\\\/image\\\/\"}}]}<\/script>\n<!-- \/ Yoast SEO plugin. -->","yoast_head_json":{"title":"\u00c0 quoi s'attendre - Englehart Animal Hospital | Englehart, ON","robots":{"index":"index","follow":"follow","max-snippet":"max-snippet:-1","max-image-preview":"max-image-preview:large","max-video-preview":"max-video-preview:-1"},"canonical":"https:\/\/englehartanimalhospital.com\/fr\/a-quoi-sattendre\/","og_locale":"fr_FR","og_type":"article","og_title":"\u00c0 quoi s'attendre - Englehart Animal Hospital | Englehart, ON","og_description":"\u00c0 quoi s&rsquo;attendre Comme les animaux de compagnie ne peuvent pas s&rsquo;exprimer, une maladie peut \u00eatre pr\u00e9sente avant que vous remarquiez les sympt\u00f4mes. La d\u00e9tection pr\u00e9coce permet de prendre des mesures pour g\u00e9rer ou corriger un probl\u00e8me avant que des dommages irr\u00e9versibles se produisent. Nous recommandons des v\u00e9rifications annuels pour la sant\u00e9 et le bien-\u00eatre [&hellip;]","og_url":"https:\/\/englehartanimalhospital.com\/fr\/a-quoi-sattendre\/","og_site_name":"Englehart Animal Hospital | Englehart, ON","article_modified_time":"2026-01-08T19:43:59+00:00","twitter_card":"summary_large_image","twitter_misc":{"Dur\u00e9e de lecture estim\u00e9e":"3 minutes"},"schema":{"@context":"https:\/\/schema.org","@graph":[{"@type":"WebPage","@id":"https:\/\/englehartanimalhospital.com\/fr\/a-quoi-sattendre\/","url":"https:\/\/englehartanimalhospital.com\/fr\/a-quoi-sattendre\/","name":"\u00c0 quoi s'attendre - Englehart Animal Hospital | Englehart, ON","isPartOf":{"@id":"https:\/\/englehartanimalhospital.com\/fr\/#website"},"primaryImageOfPage":{"@id":"https:\/\/englehartanimalhospital.com\/fr\/a-quoi-sattendre\/#primaryimage"},"image":{"@id":"https:\/\/englehartanimalhospital.com\/fr\/a-quoi-sattendre\/#primaryimage"},"thumbnailUrl":"https:\/\/englehartanimalhospital.com\/wp-content\/uploads\/\/paw-heart-banner.svg","datePublished":"2021-11-26T03:19:15+00:00","dateModified":"2026-01-08T19:43:59+00:00","breadcrumb":{"@id":"https:\/\/englehartanimalhospital.com\/fr\/a-quoi-sattendre\/#breadcrumb"},"inLanguage":"fr-FR","potentialAction":[{"@type":"ReadAction","target":["https:\/\/englehartanimalhospital.com\/fr\/a-quoi-sattendre\/"]}]},{"@type":"ImageObject","inLanguage":"fr-FR","@id":"https:\/\/englehartanimalhospital.com\/fr\/a-quoi-sattendre\/#primaryimage","url":"https:\/\/englehartanimalhospital.com\/wp-content\/uploads\/\/paw-heart-banner.svg","contentUrl":"https:\/\/englehartanimalhospital.com\/wp-content\/uploads\/\/paw-heart-banner.svg"},{"@type":"BreadcrumbList","@id":"https:\/\/englehartanimalhospital.com\/fr\/a-quoi-sattendre\/#breadcrumb","itemListElement":[{"@type":"ListItem","position":1,"name":"Home","item":"https:\/\/englehartanimalhospital.com\/fr\/"},{"@type":"ListItem","position":2,"name":"\u00c0 quoi s&#8217;attendre"}]},{"@type":"WebSite","@id":"https:\/\/englehartanimalhospital.com\/fr\/#website","url":"https:\/\/englehartanimalhospital.com\/fr\/","name":"Englehart Animal Hospital | Englehart, ON","description":"Where your pets are our priority","publisher":{"@id":"https:\/\/englehartanimalhospital.com\/fr\/#organization"},"potentialAction":[{"@type":"SearchAction","target":{"@type":"EntryPoint","urlTemplate":"https:\/\/englehartanimalhospital.com\/fr\/?s={search_term_string}"},"query-input":{"@type":"PropertyValueSpecification","valueRequired":true,"valueName":"search_term_string"}}],"inLanguage":"fr-FR"},{"@type":"Organization","@id":"https:\/\/englehartanimalhospital.com\/fr\/#organization","name":"Englehart Animal Hospital | Englehart, ON","url":"https:\/\/englehartanimalhospital.com\/fr\/","logo":{"@type":"ImageObject","inLanguage":"fr-FR","@id":"https:\/\/englehartanimalhospital.com\/fr\/#\/schema\/logo\/image\/","url":"https:\/\/englehartanimalhospital.com\/wp-content\/uploads\/2025\/04\/cropped-17a5718b-1833-420a-9952-e2d4cf537813.png","contentUrl":"https:\/\/englehartanimalhospital.com\/wp-content\/uploads\/2025\/04\/cropped-17a5718b-1833-420a-9952-e2d4cf537813.png","width":2250,"height":2250,"caption":"Englehart Animal Hospital | Englehart, ON"},"image":{"@id":"https:\/\/englehartanimalhospital.com\/fr\/#\/schema\/logo\/image\/"}}]}},"_links":{"self":[{"href":"https:\/\/englehartanimalhospital.com\/fr\/wp-json\/wp\/v2\/pages\/2892","targetHints":{"allow":["GET"]}}],"collection":[{"href":"https:\/\/englehartanimalhospital.com\/fr\/wp-json\/wp\/v2\/pages"}],"about":[{"href":"https:\/\/englehartanimalhospital.com\/fr\/wp-json\/wp\/v2\/types\/page"}],"author":[{"embeddable":true,"href":"https:\/\/englehartanimalhospital.com\/fr\/wp-json\/wp\/v2\/users\/3"}],"replies":[{"embeddable":true,"href":"https:\/\/englehartanimalhospital.com\/fr\/wp-json\/wp\/v2\/comments?post=2892"}],"version-history":[{"count":8,"href":"https:\/\/englehartanimalhospital.com\/fr\/wp-json\/wp\/v2\/pages\/2892\/revisions"}],"predecessor-version":[{"id":3351,"href":"https:\/\/englehartanimalhospital.com\/fr\/wp-json\/wp\/v2\/pages\/2892\/revisions\/3351"}],"wp:attachment":[{"href":"https:\/\/englehartanimalhospital.com\/fr\/wp-json\/wp\/v2\/media?parent=2892"}],"curies":[{"name":"wp","href":"https:\/\/api.w.org\/{rel}","templated":true}]}}