{"id":2874,"date":"2022-01-11T21:06:26","date_gmt":"2022-01-12T02:06:26","guid":{"rendered":"https:\/\/englehartanimalhospital.com\/a-propos-de-nous\/"},"modified":"2026-04-15T19:10:29","modified_gmt":"2026-04-15T23:10:29","slug":"a-propos-de-nous","status":"publish","type":"page","link":"https:\/\/englehartanimalhospital.com\/fr\/a-propos-de-nous\/","title":{"rendered":"\u00c0 propos de nous"},"content":{"rendered":"\n<div class=\"wp-block-cover alignfull page-header mb-7 inner-page-header\" style=\"min-height:150px;aspect-ratio:unset;\"><img decoding=\"async\" class=\"wp-block-cover__image-background wp-image-2575\" alt=\"paw and hearts graphic banner\" src=\"https:\/\/englehartanimalhospital.com\/wp-content\/uploads\/\/paw-heart-banner.svg\" data-object-fit=\"cover\"\/><span aria-hidden=\"true\" class=\"wp-block-cover__background has-primary-background-color has-background-dim-90 has-background-dim\"><\/span><div class=\"wp-block-cover__inner-container is-layout-flow wp-block-cover-is-layout-flow\">\n<h1 class=\"wp-block-heading\" id=\"what-to-expect\">\u00c0 propos de nous<\/h1>\n<\/div><\/div>\n\n\n\n<div class=\"wp-block-vc-blocks-img-text img-text mt-4 mb-4\"><div class=\"img-text__inner align-items-start\"><div class=\"img-text__media order-md-2 text-md-right\"><img loading=\"lazy\" decoding=\"async\" width=\"600\" height=\"337\" src=\"https:\/\/englehartanimalhospital.com\/wp-content\/uploads\/2022\/06\/welcome-to-englehart.jpg\" alt=\"\" class=\"wp-image-2077\" srcset=\"https:\/\/englehartanimalhospital.com\/wp-content\/uploads\/2022\/06\/welcome-to-englehart.jpg 600w, https:\/\/englehartanimalhospital.com\/wp-content\/uploads\/2022\/06\/welcome-to-englehart-300x169.jpg 300w\" sizes=\"auto, (max-width: 600px) 100vw, 600px\" \/><\/div><div class=\"img-text__content\">\n<h2 class=\"wp-block-heading has-primary-color has-text-color\" id=\"get-to-know-quinte-regional-pet-hospital\">Faire connaissance de l&rsquo;Englehart Animal Hospital<\/h2>\n\n\n\n<p>Nous sommes fiers de desservir la communaut\u00e9 d&rsquo;<a href=\"https:\/\/englehartanimalhospital.com\/fr\/?page_id=2860\" target=\"_blank\" rel=\"noreferrer noopener\">Englehart<\/a> depuis 1983. <\/p>\n\n\n\n<p>Notre \u00e9quipe s&rsquo;engage \u00e0 informer nos clients sur la fa\u00e7on de garder leurs animaux en bonne sant\u00e9 tout au long de l&rsquo;ann\u00e9e gr\u00e2ce \u00e0 une bonne alimentation, de l&rsquo;exercice et des soins pr\u00e9ventifs.<strong> <\/strong><\/p>\n\n\n\n<p>L&rsquo;Englehart Animal Hospital reste \u00e0 la pointe des derni\u00e8res avanc\u00e9es en mati\u00e8re de technologie v\u00e9t\u00e9rinaire. Nous croyons et savons que tous les animaux ont besoin d&rsquo;\u00eatre trait\u00e9s avec amour lors de chaque <a href=\"https:\/\/englehartanimalhospital.com\/fr\/vc_service\/wellness-exams\/\" target=\"_blank\" rel=\"noreferrer noopener\">examen<\/a>, proc\u00e9dure ou <a href=\"https:\/\/englehartanimalhospital.com\/general-surgery\/\">intervention chirurgicale<\/a>.<\/p>\n\n\n\n<div class=\"wp-block-buttons mb-5 is-layout-flex wp-block-buttons-is-layout-flex\">\n<div class=\"wp-block-button\"><a class=\"wp-block-button__link has-primary-background-color has-background wp-element-button\" href=\"https:\/\/app.vello.idexx.com\/book\/EnglehartAnimal\">Prenez rendez-vous<\/a><\/div>\n\n\n\n<div class=\"wp-block-button is-style-outline is-style-outline--1\"><a class=\"wp-block-button__link has-white-color has-secondary-background-color has-text-color has-background wp-element-button\" href=\"https:\/\/englehartanimalhospital.com\/fr\/?page_id=2871\">Faites part de notre \u00e9quipe<\/a><\/div>\n<\/div>\n<\/div><\/div><\/div>\n\n\n\n<div class=\"wp-block-cover alignfull is-light\" style=\"min-height:450px;aspect-ratio:unset;\"><img decoding=\"async\" class=\"wp-block-cover__image-background wp-image-480\" alt=\"\" src=\"https:\/\/southvanvet.ca\/wp-content\/uploads\/2021\/11\/values-bg.jpg\" data-object-fit=\"cover\"\/><span aria-hidden=\"true\" class=\"wp-block-cover__background has-background-dim-0 has-background-dim\"><\/span><div class=\"wp-block-cover__inner-container is-layout-flow wp-block-cover-is-layout-flow\">\n<h2 class=\"wp-block-heading has-text-align-center has-primary-color has-text-color\">Nos valeurs<\/h2>\n\n\n\n<div class=\"wp-block-columns is-layout-flex wp-container-core-columns-is-layout-9d6595d7 wp-block-columns-is-layout-flex\">\n<div class=\"wp-block-column is-layout-flow wp-block-column-is-layout-flow\"><div class=\"wp-block-image is-style-default\">\n<figure class=\"aligncenter size-thumbnail is-resized\"><img loading=\"lazy\" decoding=\"async\" width=\"150\" height=\"150\" src=\"https:\/\/englehartanimalhospital.com\/wp-content\/uploads\/2022\/06\/empathetic-150x150.png\" alt=\"ic\u00f4ne de deux mains se tenant par la patte\" class=\"wp-image-2082\" style=\"width:150px;height:150px\" srcset=\"https:\/\/englehartanimalhospital.com\/wp-content\/uploads\/2022\/06\/empathetic-150x150.png 150w, https:\/\/englehartanimalhospital.com\/wp-content\/uploads\/2022\/06\/empathetic.png 200w\" sizes=\"auto, (max-width: 150px) 100vw, 150px\" \/><\/figure>\n<\/div>\n\n\n<p class=\"has-text-align-center has-text-color has-medium-font-size\" style=\"color:#3c3c3c\"><strong>Empathique<\/strong><\/p>\n\n\n\n<p class=\"has-text-align-center has-dark-color has-text-color\">Nous \u00e9coutons avec l&rsquo;intention de nous assurer que nous comprenons parfaitement la situation de votre animal.<\/p>\n<\/div>\n\n\n\n<div class=\"wp-block-column is-layout-flow wp-block-column-is-layout-flow\"><div class=\"wp-block-image\">\n<figure class=\"aligncenter size-thumbnail is-resized\"><img loading=\"lazy\" decoding=\"async\" width=\"150\" height=\"150\" src=\"https:\/\/englehartanimalhospital.com\/wp-content\/uploads\/2022\/06\/compassionate-150x150.png\" alt=\"ic\u00f4ne de deux personnes avec des animaux de compagnie dans un coeur\" class=\"wp-image-2081\" style=\"width:150px;height:150px\" srcset=\"https:\/\/englehartanimalhospital.com\/wp-content\/uploads\/2022\/06\/compassionate-150x150.png 150w, https:\/\/englehartanimalhospital.com\/wp-content\/uploads\/2022\/06\/compassionate.png 200w\" sizes=\"auto, (max-width: 150px) 100vw, 150px\" \/><\/figure>\n<\/div>\n\n\n<p class=\"has-text-align-center has-text-color has-medium-font-size\" style=\"color:#3c3c3c\"><strong>Compassion<\/strong><\/p>\n\n\n\n<p class=\"has-text-align-center has-dark-color has-text-color\">Nous faisons preuve de compassion et d&#8217;empathie \u00e0 l&rsquo;\u00e9gard de chaque client et patient que nous traitons.<\/p>\n<\/div>\n\n\n\n<div class=\"wp-block-column is-layout-flow wp-block-column-is-layout-flow\"><div class=\"wp-block-image\">\n<figure class=\"aligncenter size-thumbnail\"><img loading=\"lazy\" decoding=\"async\" width=\"150\" height=\"150\" src=\"https:\/\/englehartanimalhospital.com\/wp-content\/uploads\/2022\/06\/outstanding-petcare-150x150.png\" alt=\"\" class=\"wp-image-2091\" srcset=\"https:\/\/englehartanimalhospital.com\/wp-content\/uploads\/2022\/06\/outstanding-petcare-150x150.png 150w, https:\/\/englehartanimalhospital.com\/wp-content\/uploads\/2022\/06\/outstanding-petcare.png 200w\" sizes=\"auto, (max-width: 150px) 100vw, 150px\" \/><\/figure>\n<\/div>\n\n\n<p class=\"has-text-align-center has-text-color has-medium-font-size\" style=\"color:#3c3c3c\"><strong>Des soins de sant\u00e9 exceptionnels<\/strong><\/p>\n\n\n\n<p class=\"has-text-align-center has-dark-color has-text-color\">Nous sommes fiers de fournir des soins m\u00e9dicaux de la plus haute qualit\u00e9.<\/p>\n<\/div>\n\n\n\n<div class=\"wp-block-column is-layout-flow wp-block-column-is-layout-flow\"><div class=\"wp-block-image\">\n<figure class=\"aligncenter size-thumbnail is-resized\"><img loading=\"lazy\" decoding=\"async\" width=\"150\" height=\"150\" src=\"https:\/\/englehartanimalhospital.com\/wp-content\/uploads\/2022\/06\/community-oriented-150x150.png\" alt=\"\" class=\"wp-image-2080\" style=\"width:150px;height:150px\" srcset=\"https:\/\/englehartanimalhospital.com\/wp-content\/uploads\/2022\/06\/community-oriented-150x150.png 150w, https:\/\/englehartanimalhospital.com\/wp-content\/uploads\/2022\/06\/community-oriented.png 200w\" sizes=\"auto, (max-width: 150px) 100vw, 150px\" \/><\/figure>\n<\/div>\n\n\n<p class=\"has-text-align-center has-text-color has-medium-font-size\" style=\"color:#3c3c3c\"><strong>Ax\u00e9 sur la communaut\u00e9<\/strong><\/p>\n\n\n\n<p class=\"has-text-align-center has-dark-color has-text-color\">Nous priorisons de faire en sorte que tous les membres de notre \u00e9quipe, nos clients et nos patients se sentent en famille.<\/p>\n<\/div>\n<\/div>\n<\/div><\/div>\n\n\n\n<div class=\"alignfull cta has-secondary-background-color has-white-color\"><div class=\"container\"><div class=\"cta__content\"><h2 class=\"has-white-color\">We&rsquo;re hiring! Join our growing team<\/h2>\n<div class=\"wp-block-button is-style-outline is-style-outline--2\"><a class=\"wp-block-button__link has-white-color has-text-color wp-element-button\" href=\"https:\/\/englehartanimalhospital.com\/fr\/?page_id=2871\">Voir les carri\u00e8res<\/a><\/div>\n<\/div><\/div><\/div>\n","protected":false},"excerpt":{"rendered":"","protected":false},"author":3,"featured_media":0,"parent":0,"menu_order":0,"comment_status":"closed","ping_status":"closed","template":"","meta":{"_acf_changed":false,"inline_featured_image":false,"footnotes":""},"class_list":["post-2874","page","type-page","status-publish","hentry"],"acf":[],"yoast_head":"<!-- This site is optimized with the Yoast SEO plugin v27.4 - https:\/\/yoast.com\/product\/yoast-seo-wordpress\/ -->\n<title>V\u00e9t\u00e9rinaire<\/title>\n<meta name=\"description\" content=\"Fier de desservir la communaut\u00e9 d&#039;Englehart depuis 1983. Notre h\u00f4pital pour animaux est dirig\u00e9 par le Dr Silver, un v\u00e9t\u00e9rinaire exp\u00e9riment\u00e9 d&#039;Englehart.\" \/>\n<meta name=\"robots\" content=\"index, follow, max-snippet:-1, max-image-preview:large, max-video-preview:-1\" \/>\n<link rel=\"canonical\" href=\"https:\/\/englehartanimalhospital.com\/fr\/a-propos-de-nous\/\" \/>\n<meta property=\"og:locale\" content=\"fr_FR\" \/>\n<meta property=\"og:type\" content=\"article\" \/>\n<meta property=\"og:title\" content=\"V\u00e9t\u00e9rinaire\" \/>\n<meta property=\"og:description\" content=\"Fier de desservir la communaut\u00e9 d&#039;Englehart depuis 1983. Notre h\u00f4pital pour animaux est dirig\u00e9 par le Dr Silver, un v\u00e9t\u00e9rinaire exp\u00e9riment\u00e9 d&#039;Englehart.\" \/>\n<meta property=\"og:url\" content=\"https:\/\/englehartanimalhospital.com\/fr\/a-propos-de-nous\/\" \/>\n<meta property=\"og:site_name\" content=\"Englehart Animal Hospital | Englehart, ON\" \/>\n<meta property=\"article:modified_time\" content=\"2026-04-15T23:10:29+00:00\" \/>\n<meta name=\"twitter:card\" content=\"summary_large_image\" \/>\n<meta name=\"twitter:label1\" content=\"Dur\u00e9e de lecture estim\u00e9e\" \/>\n\t<meta name=\"twitter:data1\" content=\"3 minutes\" \/>\n<script type=\"application\/ld+json\" class=\"yoast-schema-graph\">{\"@context\":\"https:\\\/\\\/schema.org\",\"@graph\":[{\"@type\":\"WebPage\",\"@id\":\"https:\\\/\\\/englehartanimalhospital.com\\\/fr\\\/a-propos-de-nous\\\/\",\"url\":\"https:\\\/\\\/englehartanimalhospital.com\\\/fr\\\/a-propos-de-nous\\\/\",\"name\":\"V\u00e9t\u00e9rinaire\",\"isPartOf\":{\"@id\":\"https:\\\/\\\/englehartanimalhospital.com\\\/fr\\\/#website\"},\"primaryImageOfPage\":{\"@id\":\"https:\\\/\\\/englehartanimalhospital.com\\\/fr\\\/a-propos-de-nous\\\/#primaryimage\"},\"image\":{\"@id\":\"https:\\\/\\\/englehartanimalhospital.com\\\/fr\\\/a-propos-de-nous\\\/#primaryimage\"},\"thumbnailUrl\":\"https:\\\/\\\/englehartanimalhospital.com\\\/wp-content\\\/uploads\\\/\\\/paw-heart-banner.svg\",\"datePublished\":\"2022-01-12T02:06:26+00:00\",\"dateModified\":\"2026-04-15T23:10:29+00:00\",\"description\":\"Fier de desservir la communaut\u00e9 d'Englehart depuis 1983. Notre h\u00f4pital pour animaux est dirig\u00e9 par le Dr Silver, un v\u00e9t\u00e9rinaire exp\u00e9riment\u00e9 d'Englehart.\",\"breadcrumb\":{\"@id\":\"https:\\\/\\\/englehartanimalhospital.com\\\/fr\\\/a-propos-de-nous\\\/#breadcrumb\"},\"inLanguage\":\"fr-FR\",\"potentialAction\":[{\"@type\":\"ReadAction\",\"target\":[\"https:\\\/\\\/englehartanimalhospital.com\\\/fr\\\/a-propos-de-nous\\\/\"]}]},{\"@type\":\"ImageObject\",\"inLanguage\":\"fr-FR\",\"@id\":\"https:\\\/\\\/englehartanimalhospital.com\\\/fr\\\/a-propos-de-nous\\\/#primaryimage\",\"url\":\"https:\\\/\\\/englehartanimalhospital.com\\\/wp-content\\\/uploads\\\/\\\/paw-heart-banner.svg\",\"contentUrl\":\"https:\\\/\\\/englehartanimalhospital.com\\\/wp-content\\\/uploads\\\/\\\/paw-heart-banner.svg\"},{\"@type\":\"BreadcrumbList\",\"@id\":\"https:\\\/\\\/englehartanimalhospital.com\\\/fr\\\/a-propos-de-nous\\\/#breadcrumb\",\"itemListElement\":[{\"@type\":\"ListItem\",\"position\":1,\"name\":\"Home\",\"item\":\"https:\\\/\\\/englehartanimalhospital.com\\\/fr\\\/\"},{\"@type\":\"ListItem\",\"position\":2,\"name\":\"\u00c0 propos de nous\"}]},{\"@type\":\"WebSite\",\"@id\":\"https:\\\/\\\/englehartanimalhospital.com\\\/fr\\\/#website\",\"url\":\"https:\\\/\\\/englehartanimalhospital.com\\\/fr\\\/\",\"name\":\"Englehart Animal Hospital | Englehart, ON\",\"description\":\"Where your pets are our priority\",\"publisher\":{\"@id\":\"https:\\\/\\\/englehartanimalhospital.com\\\/fr\\\/#organization\"},\"potentialAction\":[{\"@type\":\"SearchAction\",\"target\":{\"@type\":\"EntryPoint\",\"urlTemplate\":\"https:\\\/\\\/englehartanimalhospital.com\\\/fr\\\/?s={search_term_string}\"},\"query-input\":{\"@type\":\"PropertyValueSpecification\",\"valueRequired\":true,\"valueName\":\"search_term_string\"}}],\"inLanguage\":\"fr-FR\"},{\"@type\":\"Organization\",\"@id\":\"https:\\\/\\\/englehartanimalhospital.com\\\/fr\\\/#organization\",\"name\":\"Englehart Animal Hospital | Englehart, ON\",\"url\":\"https:\\\/\\\/englehartanimalhospital.com\\\/fr\\\/\",\"logo\":{\"@type\":\"ImageObject\",\"inLanguage\":\"fr-FR\",\"@id\":\"https:\\\/\\\/englehartanimalhospital.com\\\/fr\\\/#\\\/schema\\\/logo\\\/image\\\/\",\"url\":\"https:\\\/\\\/englehartanimalhospital.com\\\/wp-content\\\/uploads\\\/2025\\\/04\\\/cropped-17a5718b-1833-420a-9952-e2d4cf537813.png\",\"contentUrl\":\"https:\\\/\\\/englehartanimalhospital.com\\\/wp-content\\\/uploads\\\/2025\\\/04\\\/cropped-17a5718b-1833-420a-9952-e2d4cf537813.png\",\"width\":2250,\"height\":2250,\"caption\":\"Englehart Animal Hospital | Englehart, ON\"},\"image\":{\"@id\":\"https:\\\/\\\/englehartanimalhospital.com\\\/fr\\\/#\\\/schema\\\/logo\\\/image\\\/\"}}]}<\/script>\n<!-- \/ Yoast SEO plugin. -->","yoast_head_json":{"title":"V\u00e9t\u00e9rinaire","description":"Fier de desservir la communaut\u00e9 d'Englehart depuis 1983. Notre h\u00f4pital pour animaux est dirig\u00e9 par le Dr Silver, un v\u00e9t\u00e9rinaire exp\u00e9riment\u00e9 d'Englehart.","robots":{"index":"index","follow":"follow","max-snippet":"max-snippet:-1","max-image-preview":"max-image-preview:large","max-video-preview":"max-video-preview:-1"},"canonical":"https:\/\/englehartanimalhospital.com\/fr\/a-propos-de-nous\/","og_locale":"fr_FR","og_type":"article","og_title":"V\u00e9t\u00e9rinaire","og_description":"Fier de desservir la communaut\u00e9 d'Englehart depuis 1983. Notre h\u00f4pital pour animaux est dirig\u00e9 par le Dr Silver, un v\u00e9t\u00e9rinaire exp\u00e9riment\u00e9 d'Englehart.","og_url":"https:\/\/englehartanimalhospital.com\/fr\/a-propos-de-nous\/","og_site_name":"Englehart Animal Hospital | Englehart, ON","article_modified_time":"2026-04-15T23:10:29+00:00","twitter_card":"summary_large_image","twitter_misc":{"Dur\u00e9e de lecture estim\u00e9e":"3 minutes"},"schema":{"@context":"https:\/\/schema.org","@graph":[{"@type":"WebPage","@id":"https:\/\/englehartanimalhospital.com\/fr\/a-propos-de-nous\/","url":"https:\/\/englehartanimalhospital.com\/fr\/a-propos-de-nous\/","name":"V\u00e9t\u00e9rinaire","isPartOf":{"@id":"https:\/\/englehartanimalhospital.com\/fr\/#website"},"primaryImageOfPage":{"@id":"https:\/\/englehartanimalhospital.com\/fr\/a-propos-de-nous\/#primaryimage"},"image":{"@id":"https:\/\/englehartanimalhospital.com\/fr\/a-propos-de-nous\/#primaryimage"},"thumbnailUrl":"https:\/\/englehartanimalhospital.com\/wp-content\/uploads\/\/paw-heart-banner.svg","datePublished":"2022-01-12T02:06:26+00:00","dateModified":"2026-04-15T23:10:29+00:00","description":"Fier de desservir la communaut\u00e9 d'Englehart depuis 1983. Notre h\u00f4pital pour animaux est dirig\u00e9 par le Dr Silver, un v\u00e9t\u00e9rinaire exp\u00e9riment\u00e9 d'Englehart.","breadcrumb":{"@id":"https:\/\/englehartanimalhospital.com\/fr\/a-propos-de-nous\/#breadcrumb"},"inLanguage":"fr-FR","potentialAction":[{"@type":"ReadAction","target":["https:\/\/englehartanimalhospital.com\/fr\/a-propos-de-nous\/"]}]},{"@type":"ImageObject","inLanguage":"fr-FR","@id":"https:\/\/englehartanimalhospital.com\/fr\/a-propos-de-nous\/#primaryimage","url":"https:\/\/englehartanimalhospital.com\/wp-content\/uploads\/\/paw-heart-banner.svg","contentUrl":"https:\/\/englehartanimalhospital.com\/wp-content\/uploads\/\/paw-heart-banner.svg"},{"@type":"BreadcrumbList","@id":"https:\/\/englehartanimalhospital.com\/fr\/a-propos-de-nous\/#breadcrumb","itemListElement":[{"@type":"ListItem","position":1,"name":"Home","item":"https:\/\/englehartanimalhospital.com\/fr\/"},{"@type":"ListItem","position":2,"name":"\u00c0 propos de nous"}]},{"@type":"WebSite","@id":"https:\/\/englehartanimalhospital.com\/fr\/#website","url":"https:\/\/englehartanimalhospital.com\/fr\/","name":"Englehart Animal Hospital | Englehart, ON","description":"Where your pets are our priority","publisher":{"@id":"https:\/\/englehartanimalhospital.com\/fr\/#organization"},"potentialAction":[{"@type":"SearchAction","target":{"@type":"EntryPoint","urlTemplate":"https:\/\/englehartanimalhospital.com\/fr\/?s={search_term_string}"},"query-input":{"@type":"PropertyValueSpecification","valueRequired":true,"valueName":"search_term_string"}}],"inLanguage":"fr-FR"},{"@type":"Organization","@id":"https:\/\/englehartanimalhospital.com\/fr\/#organization","name":"Englehart Animal Hospital | Englehart, ON","url":"https:\/\/englehartanimalhospital.com\/fr\/","logo":{"@type":"ImageObject","inLanguage":"fr-FR","@id":"https:\/\/englehartanimalhospital.com\/fr\/#\/schema\/logo\/image\/","url":"https:\/\/englehartanimalhospital.com\/wp-content\/uploads\/2025\/04\/cropped-17a5718b-1833-420a-9952-e2d4cf537813.png","contentUrl":"https:\/\/englehartanimalhospital.com\/wp-content\/uploads\/2025\/04\/cropped-17a5718b-1833-420a-9952-e2d4cf537813.png","width":2250,"height":2250,"caption":"Englehart Animal Hospital | Englehart, ON"},"image":{"@id":"https:\/\/englehartanimalhospital.com\/fr\/#\/schema\/logo\/image\/"}}]}},"_links":{"self":[{"href":"https:\/\/englehartanimalhospital.com\/fr\/wp-json\/wp\/v2\/pages\/2874","targetHints":{"allow":["GET"]}}],"collection":[{"href":"https:\/\/englehartanimalhospital.com\/fr\/wp-json\/wp\/v2\/pages"}],"about":[{"href":"https:\/\/englehartanimalhospital.com\/fr\/wp-json\/wp\/v2\/types\/page"}],"author":[{"embeddable":true,"href":"https:\/\/englehartanimalhospital.com\/fr\/wp-json\/wp\/v2\/users\/3"}],"replies":[{"embeddable":true,"href":"https:\/\/englehartanimalhospital.com\/fr\/wp-json\/wp\/v2\/comments?post=2874"}],"version-history":[{"count":13,"href":"https:\/\/englehartanimalhospital.com\/fr\/wp-json\/wp\/v2\/pages\/2874\/revisions"}],"predecessor-version":[{"id":3394,"href":"https:\/\/englehartanimalhospital.com\/fr\/wp-json\/wp\/v2\/pages\/2874\/revisions\/3394"}],"wp:attachment":[{"href":"https:\/\/englehartanimalhospital.com\/fr\/wp-json\/wp\/v2\/media?parent=2874"}],"curies":[{"name":"wp","href":"https:\/\/api.w.org\/{rel}","templated":true}]}}