{"id":2865,"date":"2022-06-21T20:13:31","date_gmt":"2022-06-22T00:13:31","guid":{"rendered":"https:\/\/englehartanimalhospital.com\/memoriaux-pour-animaux-de-compagnie\/"},"modified":"2023-05-23T18:52:35","modified_gmt":"2023-05-23T22:52:35","slug":"memoriaux-pour-animaux-de-compagnie","status":"publish","type":"page","link":"https:\/\/englehartanimalhospital.com\/fr\/memoriaux-pour-animaux-de-compagnie\/","title":{"rendered":"M\u00e9moriaux pour animaux de compagnie"},"content":{"rendered":"\n<div class=\"wp-block-cover alignfull page-header mb-7\" style=\"min-height:150px;aspect-ratio:unset;\"><span aria-hidden=\"true\" class=\"wp-block-cover__background has-primary-background-color has-background-dim-90 has-background-dim\"><\/span><img decoding=\"async\" class=\"wp-block-cover__image-background wp-image-2575\" alt=\"paw and hearts graphic banner\" src=\"https:\/\/englehartanimalhospital.com\/wp-content\/uploads\/\/paw-heart-banner.svg\" data-object-fit=\"cover\"\/><div class=\"wp-block-cover__inner-container is-layout-flow wp-block-cover-is-layout-flow\">\n<h1 class=\"wp-block-heading\" id=\"what-to-expect\">M\u00e9moriaux pour animaux de compagnie<\/h1>\n<\/div><\/div>\n\n<div class=\"wp-block-group\"><div class=\"wp-block-group__inner-container is-layout-flow wp-block-group-is-layout-flow\">\n<div class=\"wp-block-columns is-layout-flex wp-container-core-columns-is-layout-9d6595d7 wp-block-columns-is-layout-flex\">\n<div class=\"wp-block-column is-layout-flow wp-block-column-is-layout-flow\" style=\"flex-basis:66.66%\">\n<h2 class=\"wp-block-heading has-primary-color has-text-color\" style=\"text-transform:capitalize\">M\u00e9morial pour animaux de compagnie<\/h2>\n\n\n\n<p>Au nom du personnel de l&rsquo;Englehart Animal Hospital, nous avons l&rsquo;honneur de rendre hommage \u00e0 nos amis poilus bien-aim\u00e9s qui sont d\u00e9c\u00e9d\u00e9s. Nous vous invitons \u00e0 rendre un hommage durable \u00e0 votre compagnon bien-aim\u00e9 en partageant une photographie que nous exposerons dans notre clinique. <\/p>\n\n\n\n<p>Remplissez le formulaire ou envoyez-nous <a href=\"mailto:\">un courriel<\/a> pour partager un souvenir sp\u00e9cial et une photo de votre animal de compagnie bien-aim\u00e9.<\/p>\n<\/div>\n\n\n\n<div class=\"wp-block-column is-layout-flow wp-block-column-is-layout-flow\" style=\"flex-basis:66%\"><script type=\"text\/javascript\">\n\/* <![CDATA[ *\/\nvar gform;gform||(document.addEventListener(\"gform_main_scripts_loaded\",function(){gform.scriptsLoaded=!0}),document.addEventListener(\"gform\/theme\/scripts_loaded\",function(){gform.themeScriptsLoaded=!0}),window.addEventListener(\"DOMContentLoaded\",function(){gform.domLoaded=!0}),gform={domLoaded:!1,scriptsLoaded:!1,themeScriptsLoaded:!1,isFormEditor:()=>\"function\"==typeof InitializeEditor,callIfLoaded:function(o){return!(!gform.domLoaded||!gform.scriptsLoaded||!gform.themeScriptsLoaded&&!gform.isFormEditor()||(gform.isFormEditor()&&console.warn(\"The use of gform.initializeOnLoaded() is deprecated in the form editor context and will be removed in Gravity Forms 3.1.\"),o(),0))},initializeOnLoaded:function(o){gform.callIfLoaded(o)||(document.addEventListener(\"gform_main_scripts_loaded\",()=>{gform.scriptsLoaded=!0,gform.callIfLoaded(o)}),document.addEventListener(\"gform\/theme\/scripts_loaded\",()=>{gform.themeScriptsLoaded=!0,gform.callIfLoaded(o)}),window.addEventListener(\"DOMContentLoaded\",()=>{gform.domLoaded=!0,gform.callIfLoaded(o)}))},hooks:{action:{},filter:{}},addAction:function(o,r,e,t){gform.addHook(\"action\",o,r,e,t)},addFilter:function(o,r,e,t){gform.addHook(\"filter\",o,r,e,t)},doAction:function(o){gform.doHook(\"action\",o,arguments)},applyFilters:function(o){return gform.doHook(\"filter\",o,arguments)},removeAction:function(o,r){gform.removeHook(\"action\",o,r)},removeFilter:function(o,r,e){gform.removeHook(\"filter\",o,r,e)},addHook:function(o,r,e,t,n){null==gform.hooks[o][r]&&(gform.hooks[o][r]=[]);var d=gform.hooks[o][r];null==n&&(n=r+\"_\"+d.length),gform.hooks[o][r].push({tag:n,callable:e,priority:t=null==t?10:t})},doHook:function(r,o,e){var t;if(e=Array.prototype.slice.call(e,1),null!=gform.hooks[r][o]&&((o=gform.hooks[r][o]).sort(function(o,r){return o.priority-r.priority}),o.forEach(function(o){\"function\"!=typeof(t=o.callable)&&(t=window[t]),\"action\"==r?t.apply(null,e):e[0]=t.apply(null,e)})),\"filter\"==r)return e[0]},removeHook:function(o,r,t,n){var e;null!=gform.hooks[o][r]&&(e=(e=gform.hooks[o][r]).filter(function(o,r,e){return!!(null!=n&&n!=o.tag||null!=t&&t!=o.priority)}),gform.hooks[o][r]=e)}});\n\/* ]]> *\/\n<\/script>\n\n                <div class='gf_browser_gecko gform_wrapper gravity-theme gform-theme--no-framework' data-form-theme='gravity-theme' data-form-index='0' id='gform_wrapper_8' >\n                        <div class='gform_heading'>\n                            <h2 class=\"gform_title\">Pet Memorials<\/h2>\n                            <p class='gform_description'><\/p>\n\t\t\t\t\t\t\t<p class='gform_required_legend'>\u00ab\u00a0<span class=\"gfield_required gfield_required_asterisk\">*<\/span>\u00a0\u00bb indique les champs n\u00e9cessaires<\/p>\n                        <\/div><form method='post' enctype='multipart\/form-data'  id='gform_8'  action='\/fr\/wp-json\/wp\/v2\/pages\/2865' data-formid='8' novalidate>\n                        <div class='gform-body gform_body'><div id='gform_fields_8' class='gform_fields top_label form_sublabel_below description_below validation_below'><div id=\"field_8_1\" class=\"gfield gfield--type-text gfield_contains_required field_sublabel_below gfield--no-description field_description_below field_validation_below gfield_visibility_visible\"  ><label class='gfield_label gform-field-label' for='input_8_1'>Your Name<span class=\"gfield_required\"><span class=\"gfield_required gfield_required_asterisk\">*<\/span><\/span><\/label><div class='ginput_container ginput_container_text'><input name='input_1' id='input_8_1' type='text' value='' class='large'     aria-required=\"true\" aria-invalid=\"false\"   \/><\/div><\/div><div id=\"field_8_7\" class=\"gfield gfield--type-text gfield--width-full gfield_contains_required field_sublabel_below gfield--no-description field_description_below field_validation_below gfield_visibility_visible\"  ><label class='gfield_label gform-field-label' for='input_8_7'>Email<span class=\"gfield_required\"><span class=\"gfield_required gfield_required_asterisk\">*<\/span><\/span><\/label><div class='ginput_container ginput_container_text'><input name='input_7' id='input_8_7' type='text' value='' class='large'     aria-required=\"true\" aria-invalid=\"false\"   \/><\/div><\/div><div id=\"field_8_4\" class=\"gfield gfield--type-email gfield--width-full gfield_contains_required field_sublabel_below gfield--no-description field_description_below field_validation_below gfield_visibility_visible\"  ><label class='gfield_label gform-field-label' for='input_8_4'>Pet&#039;s Name<span class=\"gfield_required\"><span class=\"gfield_required gfield_required_asterisk\">*<\/span><\/span><\/label><div class='ginput_container ginput_container_email'>\n                            <input name='input_4' id='input_8_4' type='email' value='' class='large'    aria-required=\"true\" aria-invalid=\"false\"  \/>\n                        <\/div><\/div><div id=\"field_8_6\" class=\"gfield gfield--type-textarea gfield--width-full field_sublabel_below gfield--no-description field_description_below field_validation_below gfield_visibility_visible\"  ><label class='gfield_label gform-field-label' for='input_8_6'>Message<\/label><div class='ginput_container ginput_container_textarea'><textarea name='input_6' id='input_8_6' class='textarea small'      aria-invalid=\"false\"   rows='10' cols='50'><\/textarea><\/div><\/div><div id=\"field_8_8\" class=\"gfield gfield--type-fileupload gfield--width-full field_sublabel_below gfield--no-description field_description_below field_validation_below gfield_visibility_visible\"  ><label class='gfield_label gform-field-label' for='input_8_8'>Pet Photo<\/label><div class='ginput_container ginput_container_fileupload'><input type='hidden' name='MAX_FILE_SIZE' value='134217728' \/><input name='input_8' id='input_8_8' type='file' class='large' aria-describedby=\"gfield_upload_rules_8_8\" onchange='javascript:gformValidateFileSize( this, 134217728 );'  \/><span class='gfield_description gform_fileupload_rules' id='gfield_upload_rules_8_8'>Types de fichiers accept\u00e9s\u00a0: jpg, png, gif, Taille max. des fichiers\u00a0: 128 MB.<\/span><div class='gfield_description validation_message gfield_validation_message validation_message--hidden-on-empty' id='live_validation_message_8_8'><\/div> <\/div><\/div><\/div><\/div>\n        <div class='gform-footer gform_footer top_label'> <input type='submit' id='gform_submit_button_8' class='gform_button button' onclick='gform.submission.handleButtonClick(this);' data-submission-type='submit' value='Submit'  \/> \n            <input type='hidden' class='gform_hidden' name='gform_submission_method' data-js='gform_submission_method_8' value='postback' \/>\n            <input type='hidden' class='gform_hidden' name='gform_theme' data-js='gform_theme_8' id='gform_theme_8' value='gravity-theme' \/>\n            <input type='hidden' class='gform_hidden' name='gform_style_settings' data-js='gform_style_settings_8' id='gform_style_settings_8' value='[]' \/>\n            <input type='hidden' class='gform_hidden' name='is_submit_8' value='1' \/>\n            <input type='hidden' class='gform_hidden' name='gform_submit' value='8' \/>\n            \n            <input type='hidden' class='gform_hidden' name='gform_currency' data-currency='USD' value='S4EOcrSdXwEX5lR\/XbmMJhgcLRqOMhx5OtMHwi8r227asxmdwXQxp\/YvUJAIoEijTTahEhjkXhuhSPaYTWYY9lTvvfqqmpMK7IsQs6u8wr+KjdU=' \/>\n            <input type='hidden' class='gform_hidden' name='gform_unique_id' value='' \/>\n            <input type='hidden' class='gform_hidden' name='state_8' value='WyJbXSIsImU1YWQ3NDgyYzYyZjQwNjliMTFiYmM1Y2Q1M2IwMTYyIl0=' \/>\n            <input type='hidden' autocomplete='off' class='gform_hidden' name='gform_target_page_number_8' id='gform_target_page_number_8' value='0' \/>\n            <input type='hidden' autocomplete='off' class='gform_hidden' name='gform_source_page_number_8' id='gform_source_page_number_8' value='1' \/>\n            <input type='hidden' name='gform_field_values' value='' \/>\n            \n        <\/div>\n                        <\/form>\n                        <\/div><script type=\"text\/javascript\">\n\/* <![CDATA[ *\/\n gform.initializeOnLoaded( function() {gformInitSpinner( 8, 'https:\/\/englehartanimalhospital.com\/wp-content\/plugins\/gravityforms\/images\/spinner.svg', true );jQuery('#gform_ajax_frame_8').on('load',function(){var contents = jQuery(this).contents().find('*').html();var is_postback = contents.indexOf('GF_AJAX_POSTBACK') >= 0;if(!is_postback){return;}var form_content = jQuery(this).contents().find('#gform_wrapper_8');var is_confirmation = jQuery(this).contents().find('#gform_confirmation_wrapper_8').length > 0;var is_redirect = contents.indexOf('gformRedirect(){') >= 0;var is_form = form_content.length > 0 && ! is_redirect && ! is_confirmation;var mt = parseInt(jQuery('html').css('margin-top'), 10) + parseInt(jQuery('body').css('margin-top'), 10) + 100;if(is_form){jQuery('#gform_wrapper_8').html(form_content.html());if(form_content.hasClass('gform_validation_error')){jQuery('#gform_wrapper_8').addClass('gform_validation_error');} else {jQuery('#gform_wrapper_8').removeClass('gform_validation_error');}setTimeout( function() { \/* delay the scroll by 50 milliseconds to fix a bug in chrome *\/  }, 50 );if(window['gformInitDatepicker']) {gformInitDatepicker();}if(window['gformInitPriceFields']) {gformInitPriceFields();}var current_page = jQuery('#gform_source_page_number_8').val();gformInitSpinner( 8, 'https:\/\/englehartanimalhospital.com\/wp-content\/plugins\/gravityforms\/images\/spinner.svg', true );jQuery(document).trigger('gform_page_loaded', [8, current_page]);window['gf_submitting_8'] = false;}else if(!is_redirect){var confirmation_content = jQuery(this).contents().find('.GF_AJAX_POSTBACK').html();if(!confirmation_content){confirmation_content = contents;}jQuery('#gform_wrapper_8').replaceWith(confirmation_content);jQuery(document).trigger('gform_confirmation_loaded', [8]);window['gf_submitting_8'] = false;wp.a11y.speak(jQuery('#gform_confirmation_message_8').text());}else{jQuery('#gform_8').append(contents);if(window['gformRedirect']) {gformRedirect();}}jQuery(document).trigger(\"gform_pre_post_render\", [{ formId: \"8\", currentPage: \"current_page\", abort: function() { this.preventDefault(); } }]);        if (event && event.defaultPrevented) {                return;        }        const gformWrapperDiv = document.getElementById( \"gform_wrapper_8\" );        if ( gformWrapperDiv ) {            const visibilitySpan = document.createElement( \"span\" );            visibilitySpan.id = \"gform_visibility_test_8\";            gformWrapperDiv.insertAdjacentElement( \"afterend\", visibilitySpan );        }        const visibilityTestDiv = document.getElementById( \"gform_visibility_test_8\" );        let postRenderFired = false;        function triggerPostRender() {            if ( postRenderFired ) {                return;            }            postRenderFired = true;            gform.core.triggerPostRenderEvents( 8, current_page );            if ( visibilityTestDiv ) {                visibilityTestDiv.parentNode.removeChild( visibilityTestDiv );            }        }        function debounce( func, wait, immediate ) {            var timeout;            return function() {                var context = this, args = arguments;                var later = function() {                    timeout = null;                    if ( !immediate ) func.apply( context, args );                };                var callNow = immediate && !timeout;                clearTimeout( timeout );                timeout = setTimeout( later, wait );                if ( callNow ) func.apply( context, args );            };        }        const debouncedTriggerPostRender = debounce( function() {            triggerPostRender();        }, 200 );        if ( visibilityTestDiv && visibilityTestDiv.offsetParent === null ) {            const observer = new MutationObserver( ( mutations ) => {                mutations.forEach( ( mutation ) => {                    if ( mutation.type === 'attributes' && visibilityTestDiv.offsetParent !== null ) {                        debouncedTriggerPostRender();                        observer.disconnect();                    }                });            });            observer.observe( document.body, {                attributes: true,                childList: false,                subtree: true,                attributeFilter: [ 'style', 'class' ],            });        } else {            triggerPostRender();        }    } );} ); \n\/* ]]> *\/\n<\/script>\n<\/div>\n<\/div>\n<\/div><\/div>\n","protected":false},"excerpt":{"rendered":"<p>M\u00e9morial pour animaux de compagnie Au nom du personnel de l&rsquo;Englehart Animal Hospital, nous avons l&rsquo;honneur de rendre hommage \u00e0 nos amis poilus bien-aim\u00e9s qui sont d\u00e9c\u00e9d\u00e9s. Nous vous invitons \u00e0 rendre un hommage durable \u00e0 votre compagnon bien-aim\u00e9 en partageant une photographie que nous exposerons dans notre clinique. Remplissez le formulaire ou envoyez-nous un [&hellip;]<\/p>\n","protected":false},"author":3,"featured_media":0,"parent":0,"menu_order":0,"comment_status":"closed","ping_status":"closed","template":"","meta":{"_acf_changed":false,"inline_featured_image":false,"footnotes":""},"class_list":["post-2865","page","type-page","status-publish","hentry"],"acf":[],"yoast_head":"<!-- This site is optimized with the Yoast SEO plugin v27.3 - https:\/\/yoast.com\/product\/yoast-seo-wordpress\/ -->\n<title>M\u00e9moriaux pour animaux de compagnie - Englehart Animal Hospital | Englehart, ON<\/title>\n<meta name=\"description\" content=\"L&#039;\u00e9quipe de l&#039;Englehart Animal Hospital rend hommage \u00e0 nos patients bien-aim\u00e9s qui sont d\u00e9c\u00e9d\u00e9s. Soumettez une photo et nous l&#039;exposerons \u00e0 la clinique.\" \/>\n<meta name=\"robots\" content=\"index, follow, max-snippet:-1, max-image-preview:large, max-video-preview:-1\" \/>\n<link rel=\"canonical\" href=\"https:\/\/englehartanimalhospital.com\/fr\/memoriaux-pour-animaux-de-compagnie\/\" \/>\n<meta property=\"og:locale\" content=\"fr_FR\" \/>\n<meta property=\"og:type\" content=\"article\" \/>\n<meta property=\"og:title\" content=\"M\u00e9moriaux pour animaux de compagnie - Englehart Animal Hospital | Englehart, ON\" \/>\n<meta property=\"og:description\" content=\"L&#039;\u00e9quipe de l&#039;Englehart Animal Hospital rend hommage \u00e0 nos patients bien-aim\u00e9s qui sont d\u00e9c\u00e9d\u00e9s. Soumettez une photo et nous l&#039;exposerons \u00e0 la clinique.\" \/>\n<meta property=\"og:url\" content=\"https:\/\/englehartanimalhospital.com\/fr\/memoriaux-pour-animaux-de-compagnie\/\" \/>\n<meta property=\"og:site_name\" content=\"Englehart Animal Hospital | Englehart, ON\" \/>\n<meta property=\"article:modified_time\" content=\"2023-05-23T22:52:35+00:00\" \/>\n<meta property=\"og:image\" content=\"https:\/\/englehartanimalhospital.com\/wp-content\/uploads\/\/paw-heart-banner.svg\" \/>\n<meta name=\"twitter:card\" content=\"summary_large_image\" \/>\n<script type=\"application\/ld+json\" class=\"yoast-schema-graph\">{\"@context\":\"https:\\\/\\\/schema.org\",\"@graph\":[{\"@type\":\"WebPage\",\"@id\":\"https:\\\/\\\/englehartanimalhospital.com\\\/fr\\\/memoriaux-pour-animaux-de-compagnie\\\/\",\"url\":\"https:\\\/\\\/englehartanimalhospital.com\\\/fr\\\/memoriaux-pour-animaux-de-compagnie\\\/\",\"name\":\"M\u00e9moriaux pour animaux de compagnie - Englehart Animal Hospital | Englehart, ON\",\"isPartOf\":{\"@id\":\"https:\\\/\\\/englehartanimalhospital.com\\\/fr\\\/#website\"},\"primaryImageOfPage\":{\"@id\":\"https:\\\/\\\/englehartanimalhospital.com\\\/fr\\\/memoriaux-pour-animaux-de-compagnie\\\/#primaryimage\"},\"image\":{\"@id\":\"https:\\\/\\\/englehartanimalhospital.com\\\/fr\\\/memoriaux-pour-animaux-de-compagnie\\\/#primaryimage\"},\"thumbnailUrl\":\"https:\\\/\\\/englehartanimalhospital.com\\\/wp-content\\\/uploads\\\/\\\/paw-heart-banner.svg\",\"datePublished\":\"2022-06-22T00:13:31+00:00\",\"dateModified\":\"2023-05-23T22:52:35+00:00\",\"description\":\"L'\u00e9quipe de l'Englehart Animal Hospital rend hommage \u00e0 nos patients bien-aim\u00e9s qui sont d\u00e9c\u00e9d\u00e9s. Soumettez une photo et nous l'exposerons \u00e0 la clinique.\",\"breadcrumb\":{\"@id\":\"https:\\\/\\\/englehartanimalhospital.com\\\/fr\\\/memoriaux-pour-animaux-de-compagnie\\\/#breadcrumb\"},\"inLanguage\":\"fr-FR\",\"potentialAction\":[{\"@type\":\"ReadAction\",\"target\":[\"https:\\\/\\\/englehartanimalhospital.com\\\/fr\\\/memoriaux-pour-animaux-de-compagnie\\\/\"]}]},{\"@type\":\"ImageObject\",\"inLanguage\":\"fr-FR\",\"@id\":\"https:\\\/\\\/englehartanimalhospital.com\\\/fr\\\/memoriaux-pour-animaux-de-compagnie\\\/#primaryimage\",\"url\":\"https:\\\/\\\/englehartanimalhospital.com\\\/wp-content\\\/uploads\\\/\\\/paw-heart-banner.svg\",\"contentUrl\":\"https:\\\/\\\/englehartanimalhospital.com\\\/wp-content\\\/uploads\\\/\\\/paw-heart-banner.svg\"},{\"@type\":\"BreadcrumbList\",\"@id\":\"https:\\\/\\\/englehartanimalhospital.com\\\/fr\\\/memoriaux-pour-animaux-de-compagnie\\\/#breadcrumb\",\"itemListElement\":[{\"@type\":\"ListItem\",\"position\":1,\"name\":\"Home\",\"item\":\"https:\\\/\\\/englehartanimalhospital.com\\\/fr\\\/\"},{\"@type\":\"ListItem\",\"position\":2,\"name\":\"M\u00e9moriaux pour animaux de compagnie\"}]},{\"@type\":\"WebSite\",\"@id\":\"https:\\\/\\\/englehartanimalhospital.com\\\/fr\\\/#website\",\"url\":\"https:\\\/\\\/englehartanimalhospital.com\\\/fr\\\/\",\"name\":\"Englehart Animal Hospital | Englehart, ON\",\"description\":\"Where your pets are our priority\",\"publisher\":{\"@id\":\"https:\\\/\\\/englehartanimalhospital.com\\\/fr\\\/#organization\"},\"potentialAction\":[{\"@type\":\"SearchAction\",\"target\":{\"@type\":\"EntryPoint\",\"urlTemplate\":\"https:\\\/\\\/englehartanimalhospital.com\\\/fr\\\/?s={search_term_string}\"},\"query-input\":{\"@type\":\"PropertyValueSpecification\",\"valueRequired\":true,\"valueName\":\"search_term_string\"}}],\"inLanguage\":\"fr-FR\"},{\"@type\":\"Organization\",\"@id\":\"https:\\\/\\\/englehartanimalhospital.com\\\/fr\\\/#organization\",\"name\":\"Englehart Animal Hospital | Englehart, ON\",\"url\":\"https:\\\/\\\/englehartanimalhospital.com\\\/fr\\\/\",\"logo\":{\"@type\":\"ImageObject\",\"inLanguage\":\"fr-FR\",\"@id\":\"https:\\\/\\\/englehartanimalhospital.com\\\/fr\\\/#\\\/schema\\\/logo\\\/image\\\/\",\"url\":\"https:\\\/\\\/englehartanimalhospital.com\\\/wp-content\\\/uploads\\\/2025\\\/04\\\/cropped-17a5718b-1833-420a-9952-e2d4cf537813.png\",\"contentUrl\":\"https:\\\/\\\/englehartanimalhospital.com\\\/wp-content\\\/uploads\\\/2025\\\/04\\\/cropped-17a5718b-1833-420a-9952-e2d4cf537813.png\",\"width\":2250,\"height\":2250,\"caption\":\"Englehart Animal Hospital | Englehart, ON\"},\"image\":{\"@id\":\"https:\\\/\\\/englehartanimalhospital.com\\\/fr\\\/#\\\/schema\\\/logo\\\/image\\\/\"}}]}<\/script>\n<!-- \/ Yoast SEO plugin. -->","yoast_head_json":{"title":"M\u00e9moriaux pour animaux de compagnie - Englehart Animal Hospital | Englehart, ON","description":"L'\u00e9quipe de l'Englehart Animal Hospital rend hommage \u00e0 nos patients bien-aim\u00e9s qui sont d\u00e9c\u00e9d\u00e9s. Soumettez une photo et nous l'exposerons \u00e0 la clinique.","robots":{"index":"index","follow":"follow","max-snippet":"max-snippet:-1","max-image-preview":"max-image-preview:large","max-video-preview":"max-video-preview:-1"},"canonical":"https:\/\/englehartanimalhospital.com\/fr\/memoriaux-pour-animaux-de-compagnie\/","og_locale":"fr_FR","og_type":"article","og_title":"M\u00e9moriaux pour animaux de compagnie - Englehart Animal Hospital | Englehart, ON","og_description":"L'\u00e9quipe de l'Englehart Animal Hospital rend hommage \u00e0 nos patients bien-aim\u00e9s qui sont d\u00e9c\u00e9d\u00e9s. Soumettez une photo et nous l'exposerons \u00e0 la clinique.","og_url":"https:\/\/englehartanimalhospital.com\/fr\/memoriaux-pour-animaux-de-compagnie\/","og_site_name":"Englehart Animal Hospital | Englehart, ON","article_modified_time":"2023-05-23T22:52:35+00:00","og_image":[{"url":"https:\/\/englehartanimalhospital.com\/wp-content\/uploads\/\/paw-heart-banner.svg","type":"","width":"","height":""}],"twitter_card":"summary_large_image","schema":{"@context":"https:\/\/schema.org","@graph":[{"@type":"WebPage","@id":"https:\/\/englehartanimalhospital.com\/fr\/memoriaux-pour-animaux-de-compagnie\/","url":"https:\/\/englehartanimalhospital.com\/fr\/memoriaux-pour-animaux-de-compagnie\/","name":"M\u00e9moriaux pour animaux de compagnie - Englehart Animal Hospital | Englehart, ON","isPartOf":{"@id":"https:\/\/englehartanimalhospital.com\/fr\/#website"},"primaryImageOfPage":{"@id":"https:\/\/englehartanimalhospital.com\/fr\/memoriaux-pour-animaux-de-compagnie\/#primaryimage"},"image":{"@id":"https:\/\/englehartanimalhospital.com\/fr\/memoriaux-pour-animaux-de-compagnie\/#primaryimage"},"thumbnailUrl":"https:\/\/englehartanimalhospital.com\/wp-content\/uploads\/\/paw-heart-banner.svg","datePublished":"2022-06-22T00:13:31+00:00","dateModified":"2023-05-23T22:52:35+00:00","description":"L'\u00e9quipe de l'Englehart Animal Hospital rend hommage \u00e0 nos patients bien-aim\u00e9s qui sont d\u00e9c\u00e9d\u00e9s. Soumettez une photo et nous l'exposerons \u00e0 la clinique.","breadcrumb":{"@id":"https:\/\/englehartanimalhospital.com\/fr\/memoriaux-pour-animaux-de-compagnie\/#breadcrumb"},"inLanguage":"fr-FR","potentialAction":[{"@type":"ReadAction","target":["https:\/\/englehartanimalhospital.com\/fr\/memoriaux-pour-animaux-de-compagnie\/"]}]},{"@type":"ImageObject","inLanguage":"fr-FR","@id":"https:\/\/englehartanimalhospital.com\/fr\/memoriaux-pour-animaux-de-compagnie\/#primaryimage","url":"https:\/\/englehartanimalhospital.com\/wp-content\/uploads\/\/paw-heart-banner.svg","contentUrl":"https:\/\/englehartanimalhospital.com\/wp-content\/uploads\/\/paw-heart-banner.svg"},{"@type":"BreadcrumbList","@id":"https:\/\/englehartanimalhospital.com\/fr\/memoriaux-pour-animaux-de-compagnie\/#breadcrumb","itemListElement":[{"@type":"ListItem","position":1,"name":"Home","item":"https:\/\/englehartanimalhospital.com\/fr\/"},{"@type":"ListItem","position":2,"name":"M\u00e9moriaux pour animaux de compagnie"}]},{"@type":"WebSite","@id":"https:\/\/englehartanimalhospital.com\/fr\/#website","url":"https:\/\/englehartanimalhospital.com\/fr\/","name":"Englehart Animal Hospital | Englehart, ON","description":"Where your pets are our priority","publisher":{"@id":"https:\/\/englehartanimalhospital.com\/fr\/#organization"},"potentialAction":[{"@type":"SearchAction","target":{"@type":"EntryPoint","urlTemplate":"https:\/\/englehartanimalhospital.com\/fr\/?s={search_term_string}"},"query-input":{"@type":"PropertyValueSpecification","valueRequired":true,"valueName":"search_term_string"}}],"inLanguage":"fr-FR"},{"@type":"Organization","@id":"https:\/\/englehartanimalhospital.com\/fr\/#organization","name":"Englehart Animal Hospital | Englehart, ON","url":"https:\/\/englehartanimalhospital.com\/fr\/","logo":{"@type":"ImageObject","inLanguage":"fr-FR","@id":"https:\/\/englehartanimalhospital.com\/fr\/#\/schema\/logo\/image\/","url":"https:\/\/englehartanimalhospital.com\/wp-content\/uploads\/2025\/04\/cropped-17a5718b-1833-420a-9952-e2d4cf537813.png","contentUrl":"https:\/\/englehartanimalhospital.com\/wp-content\/uploads\/2025\/04\/cropped-17a5718b-1833-420a-9952-e2d4cf537813.png","width":2250,"height":2250,"caption":"Englehart Animal Hospital | Englehart, ON"},"image":{"@id":"https:\/\/englehartanimalhospital.com\/fr\/#\/schema\/logo\/image\/"}}]}},"_links":{"self":[{"href":"https:\/\/englehartanimalhospital.com\/fr\/wp-json\/wp\/v2\/pages\/2865","targetHints":{"allow":["GET"]}}],"collection":[{"href":"https:\/\/englehartanimalhospital.com\/fr\/wp-json\/wp\/v2\/pages"}],"about":[{"href":"https:\/\/englehartanimalhospital.com\/fr\/wp-json\/wp\/v2\/types\/page"}],"author":[{"embeddable":true,"href":"https:\/\/englehartanimalhospital.com\/fr\/wp-json\/wp\/v2\/users\/3"}],"replies":[{"embeddable":true,"href":"https:\/\/englehartanimalhospital.com\/fr\/wp-json\/wp\/v2\/comments?post=2865"}],"version-history":[{"count":7,"href":"https:\/\/englehartanimalhospital.com\/fr\/wp-json\/wp\/v2\/pages\/2865\/revisions"}],"predecessor-version":[{"id":3059,"href":"https:\/\/englehartanimalhospital.com\/fr\/wp-json\/wp\/v2\/pages\/2865\/revisions\/3059"}],"wp:attachment":[{"href":"https:\/\/englehartanimalhospital.com\/fr\/wp-json\/wp\/v2\/media?parent=2865"}],"curies":[{"name":"wp","href":"https:\/\/api.w.org\/{rel}","templated":true}]}}