{"id":2859,"date":"2022-11-22T20:39:22","date_gmt":"2022-11-23T01:39:22","guid":{"rendered":"https:\/\/englehartanimalhospital.com\/prendre-un-rendez-vous\/"},"modified":"2025-06-11T14:42:03","modified_gmt":"2025-06-11T18:42:03","slug":"prendre-un-rendez-vous","status":"publish","type":"page","link":"https:\/\/englehartanimalhospital.com\/fr\/prendre-un-rendez-vous\/","title":{"rendered":"Prenez rendez-vous"},"content":{"rendered":"\n<div class=\"wp-block-cover alignfull page-header mb-7 inner-page-header\" style=\"min-height:150px;aspect-ratio:unset;\"><img decoding=\"async\" class=\"wp-block-cover__image-background wp-image-2575\" alt=\"paw and hearts graphic banner\" src=\"https:\/\/englehartanimalhospital.com\/wp-content\/uploads\/\/paw-heart-banner.svg\" data-object-fit=\"cover\"\/><span aria-hidden=\"true\" class=\"wp-block-cover__background has-primary-background-color has-background-dim-90 has-background-dim\"><\/span><div class=\"wp-block-cover__inner-container is-layout-flow wp-block-cover-is-layout-flow\">\n<h1 class=\"wp-block-heading\" id=\"what-to-expect\">Prenez rendez-vous<\/h1>\n<\/div><\/div>\n\n\n\n<div class=\"wp-block-group\"><div class=\"wp-block-group__inner-container is-layout-flow wp-block-group-is-layout-flow\">\n<div class=\"wp-block-columns is-layout-flex wp-container-core-columns-is-layout-9d6595d7 wp-block-columns-is-layout-flex\">\n<div class=\"wp-block-column is-layout-flow wp-block-column-is-layout-flow\">\n<div id=\"oabp-widget\" data-mode=\"html5\" data-domain=\"us.vetstoria.com\" data-site-hash=\"6452da399f7d5\" data-mobile-message=\"Touch Here to Make an Appointment\" data-auto-mobile-redirection=\"false\" data-force-desktop-view=\"true\" data-offset=\"100\" data-theme-customisation=\"9C3A27,9C3A27,9C3A27,ffffff,D3B78D,D3B78D,D3B78D,D3B78D,D3B78D,D3B78D\"><\/div>\n<script src=\"https:\/\/us.vetstoria.com\/js\/oabp-widget-require.min.js\"><\/script>\n<\/div>\n<\/div>\n<\/div><\/div>\n\n\n\n<div class=\"alignfull cta has-primary-background-color has-white-color\"><div class=\"container\"><div class=\"cta__content\"><h2 class=\"has-white-color\"><meta charset=\"utf-8\">We look forward to seeing you!<\/h2>\n<div class=\"wp-block-button is-style-outline is-style-outline--1\"><a class=\"wp-block-button__link has-white-color has-text-color wp-element-button\" href=\"https:\/\/englehartanimalhospital.com\/fr\/?page_id=2860\">Voir les heures d&rsquo;ouverture et l&#8217;emplacement<\/a><\/div>\n<\/div><\/div><\/div>\n","protected":false},"excerpt":{"rendered":"","protected":false},"author":3,"featured_media":0,"parent":0,"menu_order":0,"comment_status":"closed","ping_status":"closed","template":"","meta":{"_acf_changed":false,"inline_featured_image":false,"footnotes":""},"class_list":["post-2859","page","type-page","status-publish","hentry"],"acf":[],"yoast_head":"<!-- This site is optimized with the Yoast SEO plugin v27.4 - https:\/\/yoast.com\/product\/yoast-seo-wordpress\/ -->\n<title>Prenez rendez-vous - Englehart Animal Hospital | Englehart, ON<\/title>\n<meta name=\"description\" content=\"Vous cherchez des services v\u00e9t\u00e9rinaires \u00e0 Englehart, en Ontario ? Utilisez notre outil de r\u00e9servation en ligne pour s\u00e9lectionner et prendre un rendez-vous.\" \/>\n<meta name=\"robots\" content=\"index, follow, max-snippet:-1, max-image-preview:large, max-video-preview:-1\" \/>\n<link rel=\"canonical\" href=\"https:\/\/englehartanimalhospital.com\/fr\/prendre-un-rendez-vous\/\" \/>\n<meta property=\"og:locale\" content=\"fr_FR\" \/>\n<meta property=\"og:type\" content=\"article\" \/>\n<meta property=\"og:title\" content=\"Prenez rendez-vous - Englehart Animal Hospital | Englehart, ON\" \/>\n<meta property=\"og:description\" content=\"Vous cherchez des services v\u00e9t\u00e9rinaires \u00e0 Englehart, en Ontario ? Utilisez notre outil de r\u00e9servation en ligne pour s\u00e9lectionner et prendre un rendez-vous.\" \/>\n<meta property=\"og:url\" content=\"https:\/\/englehartanimalhospital.com\/fr\/prendre-un-rendez-vous\/\" \/>\n<meta property=\"og:site_name\" content=\"Englehart Animal Hospital | Englehart, ON\" \/>\n<meta property=\"article:modified_time\" content=\"2025-06-11T18:42:03+00:00\" \/>\n<meta name=\"twitter:card\" content=\"summary_large_image\" \/>\n<meta name=\"twitter:label1\" content=\"Dur\u00e9e de lecture estim\u00e9e\" \/>\n\t<meta name=\"twitter:data1\" content=\"1 minute\" \/>\n<script type=\"application\/ld+json\" class=\"yoast-schema-graph\">{\"@context\":\"https:\\\/\\\/schema.org\",\"@graph\":[{\"@type\":\"WebPage\",\"@id\":\"https:\\\/\\\/englehartanimalhospital.com\\\/fr\\\/prendre-un-rendez-vous\\\/\",\"url\":\"https:\\\/\\\/englehartanimalhospital.com\\\/fr\\\/prendre-un-rendez-vous\\\/\",\"name\":\"Prenez rendez-vous - Englehart Animal Hospital | Englehart, ON\",\"isPartOf\":{\"@id\":\"https:\\\/\\\/englehartanimalhospital.com\\\/fr\\\/#website\"},\"primaryImageOfPage\":{\"@id\":\"https:\\\/\\\/englehartanimalhospital.com\\\/fr\\\/prendre-un-rendez-vous\\\/#primaryimage\"},\"image\":{\"@id\":\"https:\\\/\\\/englehartanimalhospital.com\\\/fr\\\/prendre-un-rendez-vous\\\/#primaryimage\"},\"thumbnailUrl\":\"https:\\\/\\\/englehartanimalhospital.com\\\/wp-content\\\/uploads\\\/\\\/paw-heart-banner.svg\",\"datePublished\":\"2022-11-23T01:39:22+00:00\",\"dateModified\":\"2025-06-11T18:42:03+00:00\",\"description\":\"Vous cherchez des services v\u00e9t\u00e9rinaires \u00e0 Englehart, en Ontario ? Utilisez notre outil de r\u00e9servation en ligne pour s\u00e9lectionner et prendre un rendez-vous.\",\"breadcrumb\":{\"@id\":\"https:\\\/\\\/englehartanimalhospital.com\\\/fr\\\/prendre-un-rendez-vous\\\/#breadcrumb\"},\"inLanguage\":\"fr-FR\",\"potentialAction\":[{\"@type\":\"ReadAction\",\"target\":[\"https:\\\/\\\/englehartanimalhospital.com\\\/fr\\\/prendre-un-rendez-vous\\\/\"]}]},{\"@type\":\"ImageObject\",\"inLanguage\":\"fr-FR\",\"@id\":\"https:\\\/\\\/englehartanimalhospital.com\\\/fr\\\/prendre-un-rendez-vous\\\/#primaryimage\",\"url\":\"https:\\\/\\\/englehartanimalhospital.com\\\/wp-content\\\/uploads\\\/\\\/paw-heart-banner.svg\",\"contentUrl\":\"https:\\\/\\\/englehartanimalhospital.com\\\/wp-content\\\/uploads\\\/\\\/paw-heart-banner.svg\"},{\"@type\":\"BreadcrumbList\",\"@id\":\"https:\\\/\\\/englehartanimalhospital.com\\\/fr\\\/prendre-un-rendez-vous\\\/#breadcrumb\",\"itemListElement\":[{\"@type\":\"ListItem\",\"position\":1,\"name\":\"Home\",\"item\":\"https:\\\/\\\/englehartanimalhospital.com\\\/fr\\\/\"},{\"@type\":\"ListItem\",\"position\":2,\"name\":\"Prenez rendez-vous\"}]},{\"@type\":\"WebSite\",\"@id\":\"https:\\\/\\\/englehartanimalhospital.com\\\/fr\\\/#website\",\"url\":\"https:\\\/\\\/englehartanimalhospital.com\\\/fr\\\/\",\"name\":\"Englehart Animal Hospital | Englehart, ON\",\"description\":\"Where your pets are our priority\",\"publisher\":{\"@id\":\"https:\\\/\\\/englehartanimalhospital.com\\\/fr\\\/#organization\"},\"potentialAction\":[{\"@type\":\"SearchAction\",\"target\":{\"@type\":\"EntryPoint\",\"urlTemplate\":\"https:\\\/\\\/englehartanimalhospital.com\\\/fr\\\/?s={search_term_string}\"},\"query-input\":{\"@type\":\"PropertyValueSpecification\",\"valueRequired\":true,\"valueName\":\"search_term_string\"}}],\"inLanguage\":\"fr-FR\"},{\"@type\":\"Organization\",\"@id\":\"https:\\\/\\\/englehartanimalhospital.com\\\/fr\\\/#organization\",\"name\":\"Englehart Animal Hospital | Englehart, ON\",\"url\":\"https:\\\/\\\/englehartanimalhospital.com\\\/fr\\\/\",\"logo\":{\"@type\":\"ImageObject\",\"inLanguage\":\"fr-FR\",\"@id\":\"https:\\\/\\\/englehartanimalhospital.com\\\/fr\\\/#\\\/schema\\\/logo\\\/image\\\/\",\"url\":\"https:\\\/\\\/englehartanimalhospital.com\\\/wp-content\\\/uploads\\\/2025\\\/04\\\/cropped-17a5718b-1833-420a-9952-e2d4cf537813.png\",\"contentUrl\":\"https:\\\/\\\/englehartanimalhospital.com\\\/wp-content\\\/uploads\\\/2025\\\/04\\\/cropped-17a5718b-1833-420a-9952-e2d4cf537813.png\",\"width\":2250,\"height\":2250,\"caption\":\"Englehart Animal Hospital | Englehart, ON\"},\"image\":{\"@id\":\"https:\\\/\\\/englehartanimalhospital.com\\\/fr\\\/#\\\/schema\\\/logo\\\/image\\\/\"}}]}<\/script>\n<!-- \/ Yoast SEO plugin. -->","yoast_head_json":{"title":"Prenez rendez-vous - Englehart Animal Hospital | Englehart, ON","description":"Vous cherchez des services v\u00e9t\u00e9rinaires \u00e0 Englehart, en Ontario ? Utilisez notre outil de r\u00e9servation en ligne pour s\u00e9lectionner et prendre un rendez-vous.","robots":{"index":"index","follow":"follow","max-snippet":"max-snippet:-1","max-image-preview":"max-image-preview:large","max-video-preview":"max-video-preview:-1"},"canonical":"https:\/\/englehartanimalhospital.com\/fr\/prendre-un-rendez-vous\/","og_locale":"fr_FR","og_type":"article","og_title":"Prenez rendez-vous - Englehart Animal Hospital | Englehart, ON","og_description":"Vous cherchez des services v\u00e9t\u00e9rinaires \u00e0 Englehart, en Ontario ? Utilisez notre outil de r\u00e9servation en ligne pour s\u00e9lectionner et prendre un rendez-vous.","og_url":"https:\/\/englehartanimalhospital.com\/fr\/prendre-un-rendez-vous\/","og_site_name":"Englehart Animal Hospital | Englehart, ON","article_modified_time":"2025-06-11T18:42:03+00:00","twitter_card":"summary_large_image","twitter_misc":{"Dur\u00e9e de lecture estim\u00e9e":"1 minute"},"schema":{"@context":"https:\/\/schema.org","@graph":[{"@type":"WebPage","@id":"https:\/\/englehartanimalhospital.com\/fr\/prendre-un-rendez-vous\/","url":"https:\/\/englehartanimalhospital.com\/fr\/prendre-un-rendez-vous\/","name":"Prenez rendez-vous - Englehart Animal Hospital | Englehart, ON","isPartOf":{"@id":"https:\/\/englehartanimalhospital.com\/fr\/#website"},"primaryImageOfPage":{"@id":"https:\/\/englehartanimalhospital.com\/fr\/prendre-un-rendez-vous\/#primaryimage"},"image":{"@id":"https:\/\/englehartanimalhospital.com\/fr\/prendre-un-rendez-vous\/#primaryimage"},"thumbnailUrl":"https:\/\/englehartanimalhospital.com\/wp-content\/uploads\/\/paw-heart-banner.svg","datePublished":"2022-11-23T01:39:22+00:00","dateModified":"2025-06-11T18:42:03+00:00","description":"Vous cherchez des services v\u00e9t\u00e9rinaires \u00e0 Englehart, en Ontario ? Utilisez notre outil de r\u00e9servation en ligne pour s\u00e9lectionner et prendre un rendez-vous.","breadcrumb":{"@id":"https:\/\/englehartanimalhospital.com\/fr\/prendre-un-rendez-vous\/#breadcrumb"},"inLanguage":"fr-FR","potentialAction":[{"@type":"ReadAction","target":["https:\/\/englehartanimalhospital.com\/fr\/prendre-un-rendez-vous\/"]}]},{"@type":"ImageObject","inLanguage":"fr-FR","@id":"https:\/\/englehartanimalhospital.com\/fr\/prendre-un-rendez-vous\/#primaryimage","url":"https:\/\/englehartanimalhospital.com\/wp-content\/uploads\/\/paw-heart-banner.svg","contentUrl":"https:\/\/englehartanimalhospital.com\/wp-content\/uploads\/\/paw-heart-banner.svg"},{"@type":"BreadcrumbList","@id":"https:\/\/englehartanimalhospital.com\/fr\/prendre-un-rendez-vous\/#breadcrumb","itemListElement":[{"@type":"ListItem","position":1,"name":"Home","item":"https:\/\/englehartanimalhospital.com\/fr\/"},{"@type":"ListItem","position":2,"name":"Prenez rendez-vous"}]},{"@type":"WebSite","@id":"https:\/\/englehartanimalhospital.com\/fr\/#website","url":"https:\/\/englehartanimalhospital.com\/fr\/","name":"Englehart Animal Hospital | Englehart, ON","description":"Where your pets are our priority","publisher":{"@id":"https:\/\/englehartanimalhospital.com\/fr\/#organization"},"potentialAction":[{"@type":"SearchAction","target":{"@type":"EntryPoint","urlTemplate":"https:\/\/englehartanimalhospital.com\/fr\/?s={search_term_string}"},"query-input":{"@type":"PropertyValueSpecification","valueRequired":true,"valueName":"search_term_string"}}],"inLanguage":"fr-FR"},{"@type":"Organization","@id":"https:\/\/englehartanimalhospital.com\/fr\/#organization","name":"Englehart Animal Hospital | Englehart, ON","url":"https:\/\/englehartanimalhospital.com\/fr\/","logo":{"@type":"ImageObject","inLanguage":"fr-FR","@id":"https:\/\/englehartanimalhospital.com\/fr\/#\/schema\/logo\/image\/","url":"https:\/\/englehartanimalhospital.com\/wp-content\/uploads\/2025\/04\/cropped-17a5718b-1833-420a-9952-e2d4cf537813.png","contentUrl":"https:\/\/englehartanimalhospital.com\/wp-content\/uploads\/2025\/04\/cropped-17a5718b-1833-420a-9952-e2d4cf537813.png","width":2250,"height":2250,"caption":"Englehart Animal Hospital | Englehart, ON"},"image":{"@id":"https:\/\/englehartanimalhospital.com\/fr\/#\/schema\/logo\/image\/"}}]}},"_links":{"self":[{"href":"https:\/\/englehartanimalhospital.com\/fr\/wp-json\/wp\/v2\/pages\/2859","targetHints":{"allow":["GET"]}}],"collection":[{"href":"https:\/\/englehartanimalhospital.com\/fr\/wp-json\/wp\/v2\/pages"}],"about":[{"href":"https:\/\/englehartanimalhospital.com\/fr\/wp-json\/wp\/v2\/types\/page"}],"author":[{"embeddable":true,"href":"https:\/\/englehartanimalhospital.com\/fr\/wp-json\/wp\/v2\/users\/3"}],"replies":[{"embeddable":true,"href":"https:\/\/englehartanimalhospital.com\/fr\/wp-json\/wp\/v2\/comments?post=2859"}],"version-history":[{"count":6,"href":"https:\/\/englehartanimalhospital.com\/fr\/wp-json\/wp\/v2\/pages\/2859\/revisions"}],"predecessor-version":[{"id":3308,"href":"https:\/\/englehartanimalhospital.com\/fr\/wp-json\/wp\/v2\/pages\/2859\/revisions\/3308"}],"wp:attachment":[{"href":"https:\/\/englehartanimalhospital.com\/fr\/wp-json\/wp\/v2\/media?parent=2859"}],"curies":[{"name":"wp","href":"https:\/\/api.w.org\/{rel}","templated":true}]}}