{"id":2853,"date":"2021-07-19T04:35:02","date_gmt":"2021-07-19T08:35:02","guid":{"rendered":"https:\/\/englehartanimalhospital.com\/bulletins-dinformation\/"},"modified":"2023-05-23T18:52:04","modified_gmt":"2023-05-23T22:52:04","slug":"bulletins-dinformation","status":"publish","type":"page","link":"https:\/\/englehartanimalhospital.com\/fr\/bulletins-dinformation\/","title":{"rendered":"Bulletins d&rsquo;information"},"content":{"rendered":"\n<div class=\"wp-block-cover alignfull page-header mb-7 inner-page-header\" style=\"min-height:150px;aspect-ratio:unset;\"><span aria-hidden=\"true\" class=\"wp-block-cover__background has-primary-background-color has-background-dim-90 has-background-dim\"><\/span><img decoding=\"async\" class=\"wp-block-cover__image-background wp-image-2575\" alt=\"paw and hearts graphic banner\" src=\"https:\/\/englehartanimalhospital.com\/wp-content\/uploads\/\/paw-heart-banner.svg\" data-object-fit=\"cover\"\/><div class=\"wp-block-cover__inner-container is-layout-flow wp-block-cover-is-layout-flow\">\n<h1 class=\"wp-block-heading\" id=\"what-to-expect\">Bulletins d&rsquo;information<\/h1>\n<\/div><\/div>\n\n<h2 class=\"wp-block-heading mb-5 has-primary-color has-text-color\">Bulletins d&rsquo;information mensuels d&rsquo;Englehart<\/h2>\n\n<div class=\"wp-block-vc-blocks-cards vc-cards resources-cards mb-6\"><div class=\"row row-cols-1 row-cols-md-2 row-cols-lg-3\">\n<div class=\"wp-block-vc-blocks-card col\"><div class=\"card\"><img decoding=\"async\" src=\"https:\/\/englehartanimalhospital.com\/wp-content\/uploads\/2021\/11\/Group-567.png\" alt=\"\" class=\"wp-image-359\"\/><div class=\"card-content wp-block-vc-blocks-card col \"><div class=\"card-body\">\n<p class=\"has-secondary-color has-text-color\">le 01 f\u00e9vrier, 2023<\/p>\n\n\n\n<h4 class=\"wp-block-heading has-primary-color has-text-color\"><a href=\"https:\/\/englehartanimalhospital.com\/fr\/?p=2880\">F\u00e9vrier &#8211; Le mois des soins dentaires<\/a><\/h4>\n\n\n\n<p class=\"has-text-color\" style=\"color:#6b6b6b\">Consultez notre lettre d&rsquo;information de f\u00e9vrier, le mois des soins dentaires, qui contient des informations int\u00e9ressantes sur la sant\u00e9 bucco-dentaire des animaux de compagnie et bien d&rsquo;autres choses encore ! Il s&rsquo;agit de notre premi\u00e8re lettre d&rsquo;information et nous en publierons une tous les mois. Vous avez un sujet sur lequel vous aimeriez \u00eatre inform\u00e9 ? Faites-le nous savoir et nous r\u00e9digerons une lettre d&rsquo;information \u00e0 ce sujet. <\/p>\n\n\n\n<div class=\"wp-block-button alignleft\"><a class=\"wp-block-button__link has-primary-background-color has-background wp-element-button\" href=\"https:\/\/englehartanimalhospital.com\/fr\/?p=2880\">Lire le bulletin d&rsquo;information<\/a><\/div>\n<\/div><\/div><\/div><\/div>\n\n\n\n<div class=\"wp-block-vc-blocks-card col\"><div class=\"card\"><img decoding=\"async\" src=\"https:\/\/englehartanimalhospital.com\/wp-content\/uploads\/2021\/11\/Group-567.png\" alt=\"\" class=\"wp-image-359\"\/><div class=\"card-content wp-block-vc-blocks-card col \"><div class=\"card-body\">\n<p class=\"has-secondary-color has-text-color\">le 1 mars, 2023<\/p>\n\n\n\n<h4 class=\"wp-block-heading has-primary-color has-text-color\"><a href=\"https:\/\/englehartanimalhospital.com\/fr\/?p=2880\">Mars &#8211; Pr\u00e9vention des puces et des tiques<\/a><\/h4>\n\n\n\n<p class=\"has-text-color\" style=\"color:#6b6b6b\">Consultez notre bulletin d&rsquo;information sur la pr\u00e9vention des puces et des tiques, qui d\u00e9borde d&rsquo;informations sur la fa\u00e7on de prot\u00e9ger vos animaux de compagnie ce printemps et cet \u00e9t\u00e9 ! Vous avez un sujet sur lequel vous aimeriez \u00eatre inform\u00e9 ? Faites-le nous savoir et nous r\u00e9digerons une lettre d&rsquo;information \u00e0 ce sujet. <\/p>\n\n\n\n<div class=\"wp-block-button alignleft\"><a class=\"wp-block-button__link has-primary-background-color has-background wp-element-button\" href=\"https:\/\/englehartanimalhospital.com\/fr\/?p=2875\">Lire le bulletin d&rsquo;information<\/a><\/div>\n<\/div><\/div><\/div><\/div>\n<\/div><\/div>\n\n<div class=\"alignfull cta has-primary-background-color has-white-color\"><div class=\"container\"><div class=\"cta__content\"><h2 class=\"has-white-color\">Questions? Give Us A Call Or Email<\/h2>\n<div class=\"wp-block-button is-style-outline is-style-outline--1\"><a class=\"wp-block-button__link has-white-color has-text-color wp-element-button\" href=\"https:\/\/englehartanimalhospital.com\/fr\/?page_id=2860\">Contactez-nous !<\/a><\/div>\n<\/div><\/div><\/div>\n","protected":false},"excerpt":{"rendered":"<p>Bulletins d&rsquo;information mensuels d&rsquo;Englehart<\/p>\n","protected":false},"author":3,"featured_media":0,"parent":0,"menu_order":0,"comment_status":"closed","ping_status":"closed","template":"","meta":{"_acf_changed":false,"inline_featured_image":false,"footnotes":""},"class_list":["post-2853","page","type-page","status-publish","hentry"],"acf":[],"yoast_head":"<!-- This site is optimized with the Yoast SEO plugin v27.4 - https:\/\/yoast.com\/product\/yoast-seo-wordpress\/ -->\n<title>Bulletins d&#039;information - Englehart Animal Hospital | Englehart, ON<\/title>\n<meta name=\"robots\" content=\"index, follow, max-snippet:-1, max-image-preview:large, max-video-preview:-1\" \/>\n<link rel=\"canonical\" href=\"https:\/\/englehartanimalhospital.com\/fr\/bulletins-dinformation\/\" \/>\n<meta property=\"og:locale\" content=\"fr_FR\" \/>\n<meta property=\"og:type\" content=\"article\" \/>\n<meta property=\"og:title\" content=\"Bulletins d&#039;information - Englehart Animal Hospital | Englehart, ON\" \/>\n<meta property=\"og:description\" content=\"Bulletins d&rsquo;information mensuels d&rsquo;Englehart\" \/>\n<meta property=\"og:url\" content=\"https:\/\/englehartanimalhospital.com\/fr\/bulletins-dinformation\/\" \/>\n<meta property=\"og:site_name\" content=\"Englehart Animal Hospital | Englehart, ON\" \/>\n<meta property=\"article:modified_time\" content=\"2023-05-23T22:52:04+00:00\" \/>\n<meta property=\"og:image\" content=\"https:\/\/englehartanimalhospital.com\/wp-content\/uploads\/\/paw-heart-banner.svg\" \/>\n<meta name=\"twitter:card\" content=\"summary_large_image\" \/>\n<meta name=\"twitter:label1\" content=\"Dur\u00e9e de lecture estim\u00e9e\" \/>\n\t<meta name=\"twitter:data1\" content=\"1 minute\" \/>\n<script type=\"application\/ld+json\" class=\"yoast-schema-graph\">{\"@context\":\"https:\\\/\\\/schema.org\",\"@graph\":[{\"@type\":\"WebPage\",\"@id\":\"https:\\\/\\\/englehartanimalhospital.com\\\/fr\\\/bulletins-dinformation\\\/\",\"url\":\"https:\\\/\\\/englehartanimalhospital.com\\\/fr\\\/bulletins-dinformation\\\/\",\"name\":\"Bulletins d'information - Englehart Animal Hospital | Englehart, ON\",\"isPartOf\":{\"@id\":\"https:\\\/\\\/englehartanimalhospital.com\\\/fr\\\/#website\"},\"primaryImageOfPage\":{\"@id\":\"https:\\\/\\\/englehartanimalhospital.com\\\/fr\\\/bulletins-dinformation\\\/#primaryimage\"},\"image\":{\"@id\":\"https:\\\/\\\/englehartanimalhospital.com\\\/fr\\\/bulletins-dinformation\\\/#primaryimage\"},\"thumbnailUrl\":\"https:\\\/\\\/englehartanimalhospital.com\\\/wp-content\\\/uploads\\\/\\\/paw-heart-banner.svg\",\"datePublished\":\"2021-07-19T08:35:02+00:00\",\"dateModified\":\"2023-05-23T22:52:04+00:00\",\"breadcrumb\":{\"@id\":\"https:\\\/\\\/englehartanimalhospital.com\\\/fr\\\/bulletins-dinformation\\\/#breadcrumb\"},\"inLanguage\":\"fr-FR\",\"potentialAction\":[{\"@type\":\"ReadAction\",\"target\":[\"https:\\\/\\\/englehartanimalhospital.com\\\/fr\\\/bulletins-dinformation\\\/\"]}]},{\"@type\":\"ImageObject\",\"inLanguage\":\"fr-FR\",\"@id\":\"https:\\\/\\\/englehartanimalhospital.com\\\/fr\\\/bulletins-dinformation\\\/#primaryimage\",\"url\":\"https:\\\/\\\/englehartanimalhospital.com\\\/wp-content\\\/uploads\\\/\\\/paw-heart-banner.svg\",\"contentUrl\":\"https:\\\/\\\/englehartanimalhospital.com\\\/wp-content\\\/uploads\\\/\\\/paw-heart-banner.svg\"},{\"@type\":\"BreadcrumbList\",\"@id\":\"https:\\\/\\\/englehartanimalhospital.com\\\/fr\\\/bulletins-dinformation\\\/#breadcrumb\",\"itemListElement\":[{\"@type\":\"ListItem\",\"position\":1,\"name\":\"Home\",\"item\":\"https:\\\/\\\/englehartanimalhospital.com\\\/fr\\\/\"},{\"@type\":\"ListItem\",\"position\":2,\"name\":\"Bulletins d&#8217;information\"}]},{\"@type\":\"WebSite\",\"@id\":\"https:\\\/\\\/englehartanimalhospital.com\\\/fr\\\/#website\",\"url\":\"https:\\\/\\\/englehartanimalhospital.com\\\/fr\\\/\",\"name\":\"Englehart Animal Hospital | Englehart, ON\",\"description\":\"Where your pets are our priority\",\"publisher\":{\"@id\":\"https:\\\/\\\/englehartanimalhospital.com\\\/fr\\\/#organization\"},\"potentialAction\":[{\"@type\":\"SearchAction\",\"target\":{\"@type\":\"EntryPoint\",\"urlTemplate\":\"https:\\\/\\\/englehartanimalhospital.com\\\/fr\\\/?s={search_term_string}\"},\"query-input\":{\"@type\":\"PropertyValueSpecification\",\"valueRequired\":true,\"valueName\":\"search_term_string\"}}],\"inLanguage\":\"fr-FR\"},{\"@type\":\"Organization\",\"@id\":\"https:\\\/\\\/englehartanimalhospital.com\\\/fr\\\/#organization\",\"name\":\"Englehart Animal Hospital | Englehart, ON\",\"url\":\"https:\\\/\\\/englehartanimalhospital.com\\\/fr\\\/\",\"logo\":{\"@type\":\"ImageObject\",\"inLanguage\":\"fr-FR\",\"@id\":\"https:\\\/\\\/englehartanimalhospital.com\\\/fr\\\/#\\\/schema\\\/logo\\\/image\\\/\",\"url\":\"https:\\\/\\\/englehartanimalhospital.com\\\/wp-content\\\/uploads\\\/2025\\\/04\\\/cropped-17a5718b-1833-420a-9952-e2d4cf537813.png\",\"contentUrl\":\"https:\\\/\\\/englehartanimalhospital.com\\\/wp-content\\\/uploads\\\/2025\\\/04\\\/cropped-17a5718b-1833-420a-9952-e2d4cf537813.png\",\"width\":2250,\"height\":2250,\"caption\":\"Englehart Animal Hospital | Englehart, ON\"},\"image\":{\"@id\":\"https:\\\/\\\/englehartanimalhospital.com\\\/fr\\\/#\\\/schema\\\/logo\\\/image\\\/\"}}]}<\/script>\n<!-- \/ Yoast SEO plugin. -->","yoast_head_json":{"title":"Bulletins d'information - Englehart Animal Hospital | Englehart, ON","robots":{"index":"index","follow":"follow","max-snippet":"max-snippet:-1","max-image-preview":"max-image-preview:large","max-video-preview":"max-video-preview:-1"},"canonical":"https:\/\/englehartanimalhospital.com\/fr\/bulletins-dinformation\/","og_locale":"fr_FR","og_type":"article","og_title":"Bulletins d'information - Englehart Animal Hospital | Englehart, ON","og_description":"Bulletins d&rsquo;information mensuels d&rsquo;Englehart","og_url":"https:\/\/englehartanimalhospital.com\/fr\/bulletins-dinformation\/","og_site_name":"Englehart Animal Hospital | Englehart, ON","article_modified_time":"2023-05-23T22:52:04+00:00","og_image":[{"url":"https:\/\/englehartanimalhospital.com\/wp-content\/uploads\/\/paw-heart-banner.svg","type":"","width":"","height":""}],"twitter_card":"summary_large_image","twitter_misc":{"Dur\u00e9e de lecture estim\u00e9e":"1 minute"},"schema":{"@context":"https:\/\/schema.org","@graph":[{"@type":"WebPage","@id":"https:\/\/englehartanimalhospital.com\/fr\/bulletins-dinformation\/","url":"https:\/\/englehartanimalhospital.com\/fr\/bulletins-dinformation\/","name":"Bulletins d'information - Englehart Animal Hospital | Englehart, ON","isPartOf":{"@id":"https:\/\/englehartanimalhospital.com\/fr\/#website"},"primaryImageOfPage":{"@id":"https:\/\/englehartanimalhospital.com\/fr\/bulletins-dinformation\/#primaryimage"},"image":{"@id":"https:\/\/englehartanimalhospital.com\/fr\/bulletins-dinformation\/#primaryimage"},"thumbnailUrl":"https:\/\/englehartanimalhospital.com\/wp-content\/uploads\/\/paw-heart-banner.svg","datePublished":"2021-07-19T08:35:02+00:00","dateModified":"2023-05-23T22:52:04+00:00","breadcrumb":{"@id":"https:\/\/englehartanimalhospital.com\/fr\/bulletins-dinformation\/#breadcrumb"},"inLanguage":"fr-FR","potentialAction":[{"@type":"ReadAction","target":["https:\/\/englehartanimalhospital.com\/fr\/bulletins-dinformation\/"]}]},{"@type":"ImageObject","inLanguage":"fr-FR","@id":"https:\/\/englehartanimalhospital.com\/fr\/bulletins-dinformation\/#primaryimage","url":"https:\/\/englehartanimalhospital.com\/wp-content\/uploads\/\/paw-heart-banner.svg","contentUrl":"https:\/\/englehartanimalhospital.com\/wp-content\/uploads\/\/paw-heart-banner.svg"},{"@type":"BreadcrumbList","@id":"https:\/\/englehartanimalhospital.com\/fr\/bulletins-dinformation\/#breadcrumb","itemListElement":[{"@type":"ListItem","position":1,"name":"Home","item":"https:\/\/englehartanimalhospital.com\/fr\/"},{"@type":"ListItem","position":2,"name":"Bulletins d&#8217;information"}]},{"@type":"WebSite","@id":"https:\/\/englehartanimalhospital.com\/fr\/#website","url":"https:\/\/englehartanimalhospital.com\/fr\/","name":"Englehart Animal Hospital | Englehart, ON","description":"Where your pets are our priority","publisher":{"@id":"https:\/\/englehartanimalhospital.com\/fr\/#organization"},"potentialAction":[{"@type":"SearchAction","target":{"@type":"EntryPoint","urlTemplate":"https:\/\/englehartanimalhospital.com\/fr\/?s={search_term_string}"},"query-input":{"@type":"PropertyValueSpecification","valueRequired":true,"valueName":"search_term_string"}}],"inLanguage":"fr-FR"},{"@type":"Organization","@id":"https:\/\/englehartanimalhospital.com\/fr\/#organization","name":"Englehart Animal Hospital | Englehart, ON","url":"https:\/\/englehartanimalhospital.com\/fr\/","logo":{"@type":"ImageObject","inLanguage":"fr-FR","@id":"https:\/\/englehartanimalhospital.com\/fr\/#\/schema\/logo\/image\/","url":"https:\/\/englehartanimalhospital.com\/wp-content\/uploads\/2025\/04\/cropped-17a5718b-1833-420a-9952-e2d4cf537813.png","contentUrl":"https:\/\/englehartanimalhospital.com\/wp-content\/uploads\/2025\/04\/cropped-17a5718b-1833-420a-9952-e2d4cf537813.png","width":2250,"height":2250,"caption":"Englehart Animal Hospital | Englehart, ON"},"image":{"@id":"https:\/\/englehartanimalhospital.com\/fr\/#\/schema\/logo\/image\/"}}]}},"_links":{"self":[{"href":"https:\/\/englehartanimalhospital.com\/fr\/wp-json\/wp\/v2\/pages\/2853","targetHints":{"allow":["GET"]}}],"collection":[{"href":"https:\/\/englehartanimalhospital.com\/fr\/wp-json\/wp\/v2\/pages"}],"about":[{"href":"https:\/\/englehartanimalhospital.com\/fr\/wp-json\/wp\/v2\/types\/page"}],"author":[{"embeddable":true,"href":"https:\/\/englehartanimalhospital.com\/fr\/wp-json\/wp\/v2\/users\/3"}],"replies":[{"embeddable":true,"href":"https:\/\/englehartanimalhospital.com\/fr\/wp-json\/wp\/v2\/comments?post=2853"}],"version-history":[{"count":6,"href":"https:\/\/englehartanimalhospital.com\/fr\/wp-json\/wp\/v2\/pages\/2853\/revisions"}],"predecessor-version":[{"id":3056,"href":"https:\/\/englehartanimalhospital.com\/fr\/wp-json\/wp\/v2\/pages\/2853\/revisions\/3056"}],"wp:attachment":[{"href":"https:\/\/englehartanimalhospital.com\/fr\/wp-json\/wp\/v2\/media?parent=2853"}],"curies":[{"name":"wp","href":"https:\/\/api.w.org\/{rel}","templated":true}]}}